{"id":2263,"date":"2019-03-26T21:14:28","date_gmt":"2019-03-26T21:14:28","guid":{"rendered":"https:\/\/e-dev.services\/?page_id=2263"},"modified":"2019-03-26T21:44:30","modified_gmt":"2019-03-26T21:44:30","slug":"app-data-privacy","status":"publish","type":"page","link":"https:\/\/e-dev.services\/fr\/app-data-privacy","title":{"rendered":"Confidentialit\u00e9 des donn\u00e9es R\u00e8glement g\u00e9n\u00e9ral sur la protection des donn\u00e9es"},"content":{"rendered":"\n<h2 class=\"wp-block-heading\"><strong>Informations selon les art. 13 et 14 de la r<\/strong>\u00e8glement g\u00e9n\u00e9ral sur la <strong>protection des donn\u00e9es (EU RGPD) de r\u00e8glement sur le traitement des donn\u00e9es personnelles et les droits aux personnes concern\u00e9es<\/strong><\/h2>\n\n\n\n<p>Nous vous informons par la pr\u00e9sente sur le traitement de vos donn\u00e9es personnelles par nous et par vous comme une personne concern\u00e9e des droits de la vie priv\u00e9e&nbsp;.&nbsp;<br>S\u2019il vous pla\u00eet partager cette information avec les personnes autoris\u00e9es, actuels et propri\u00e9taire futur, b\u00e9n\u00e9fique que bien que n\u2019importe quel cod\u00e9biteur d\u2019une entreprise&nbsp;.&nbsp;Comprend directeur g\u00e9n\u00e9ral, directeur, partenaire ou une caution. Quelles donn\u00e9es en particulier, trait\u00e9es et utilis\u00e9es de quelque fa\u00e7on, d\u00e9pend significativement sur chacun d&rsquo;entre vous a demand\u00e9 ou accept\u00e9 avec nous nature et l\u2019\u00e9tendue de nos relations commerciales. Il est donc possible que pas toutes les pi\u00e8ces de cette information sur vous pour r\u00e9pondre.<\/p>\n\n\n\n<h4 class=\"wp-block-heading\"><strong>Qui est responsable du traitement des donn\u00e9es et \u00e0 qui vous pouvez communiquer avec&nbsp;:<\/strong><br><\/h4>\n\n\n\n<p>Responsable pour le traitement des donn\u00e9es RGPD est le&nbsp;<\/p>\n\n\n\n<p>e-dox AG Leipzig<\/p>\n\n\n\n<p>Maximilianallee 2<\/p>\n\n\n\n<p>D-04129 Leipzig<\/p>\n\n\n\n<p>T\u00e9l.&nbsp;:&nbsp;+ 49 (0) 341 30 34 59-0<\/p>\n\n\n\n<p>Fax&nbsp;: + 49 (0) 341 30 34 59-99<\/p>\n\n\n\n<p>Email&nbsp;:&nbsp;&nbsp;&nbsp;<a href=\"mailto:leipzig@e-dox.ag\">leipzig@e-dox.ag<\/a><br>Communiquant avec l\u2019agent de protection de donn\u00e9es de e-dox Leipzig AG par la poste en vertu de l\u2019o&nbsp;.&nbsp;g&nbsp;.&nbsp;Adresse avec l\u2019addition &#8211; protection des donn\u00e9es commissaire &#8211; ou par courriel \u00e0&nbsp;<a href=\"mailto:datenschutz@e-dox.ag\">datenschutz@e-dox.ag&nbsp;<\/a>.<\/p>\n\n\n\n<h4 class=\"wp-block-heading\"><strong>Quelles cat\u00e9gories de donn\u00e9es trait\u00e9es et les sources d&rsquo;o\u00f9 ils proviennent&nbsp;:<\/strong><br><\/h4>\n\n\n\n<p>Nous traitons des donn\u00e9es personnelles, aux \u00c9tats-Unis dans le cadre de notre relation d\u2019affaires en vous, nos clients (insb. Acheteurs, locataires, clients traitant des services tels que l\u2019entretien et le service par nos soins), autoris\u00e9 qui associe nos produits particuliers, des services et des solutions. vous pouvez acheter aux fins de distribution ou m\u00e9diation pour nous, les distributeurs autoris\u00e9s de Xerox ou Xerox Corporation, obtenus de mani\u00e8re licite. Il s\u2019agissait pour les cat\u00e9gories de donn\u00e9es \u00e0 caract\u00e8re personnel suivantes&nbsp;:<\/p>\n\n\n\n<blockquote class=\"wp-block-quote is-layout-flow wp-block-quote-is-layout-flow\"><p>Coordonn\u00e9es&nbsp;: adresse E-mail<\/p><\/blockquote>\n\n\n\n<h4 class=\"wp-block-heading\"><strong>\u00c0 quelles fins et sur quelle base juridique, nous traiterons les donn\u00e9es personnelles&nbsp;:<\/strong><\/h4>\n\n\n\n<p>Nous traitons des donn\u00e9es personnelles conform\u00e9ment aux dispositions de la protection des donn\u00e9es r\u00e8glement (RGPD) dans le cadre de la rencontre avec vous en tant que client (Acheteur, locataire&nbsp;,&nbsp;Client qui re\u00e7oit des services de notre part) ou partenaire agr\u00e9\u00e9 (le e de nous, les produits, services. aux fins de distribution, acquiert ou fournit pour nous) des contrats existants.<\/p>\n\n\n\n<h4 class=\"wp-block-heading\">Qui recevra vos renseignements&nbsp;:<\/h4>\n\n\n\n<p>Dans le e-dox Leipzig AG recevra seulement les organes internes&nbsp;,&nbsp;Employ\u00e9 ou unit\u00e9s d\u2019organisation vos donn\u00e9es, ces pour se conformer \u00e0 l\u2019o&nbsp;.&nbsp;g&nbsp;.&nbsp;Besoin de fins&nbsp;. &nbsp;&nbsp;Autres b\u00e9n\u00e9ficiaires sont des fournisseurs de services \u00e0 l\u2019ext\u00e9rieur du groupe Xerox, le we dans le RA op\u00e9rateurs de conditions de traitement de commande ACC.&nbsp;.&nbsp;Type&nbsp;.&nbsp;Attirer 28 RGPD (centres de donn\u00e9es externes et services&nbsp;,&nbsp;Comptabilit\u00e9, archivage&nbsp;,&nbsp;Administration, traitement des documents, centre d\u2019appels, gestion des d\u00e9chets)&nbsp;.<\/p>\n\n\n\n<h4 class=\"wp-block-heading\">Donn\u00e9es transmises vers un pays tiers ou \u00e0 une organisation internationale&nbsp;:<\/h4>\n\n\n\n<p>Certains de nos processeurs sont situ\u00e9s dans des pays tiers \u00e0 l\u2019ext\u00e9rieur de l\u2019Union europ\u00e9enne et de l\u2019espace \u00e9conomique europ\u00e9en aux Etats-Unis, pour lesquels la Commission europ\u00e9enne n\u2019a trouv\u00e9 aucun niveau ad\u00e9quat de protection des donn\u00e9es. Avec ces r\u00e9cepteurs, un niveau de protection de donn\u00e9es ad\u00e9quates en remplissant les clauses contractuelles introduites par la d\u00e9cision de la Commission 2010\/87\/ce europ\u00e9en par le 05.02.2010, Nr est au journal officiel de l\u2019Union europ\u00e9enne&nbsp;.&nbsp;L39 de 12&nbsp;.&nbsp;02.2010, p. 5 et suiv. et <a href=\"https:\/\/eur-lex.europa.eu\/LexUriServ\/LexUriServ.do?uri=OJ:L:2010:039:0005:0018:DE:PDF\">https:\/\/eur-lex.europa.eu\/LexUriServ\/LexUriServ.do?uri=OJ&nbsp;: l&nbsp;: 2010:039:0005&nbsp;: 0018&nbsp;: fr&nbsp;: PDF&nbsp;<\/a>sont disponibles, bien s\u00fbr.&nbsp;<\/p>\n\n\n\n<h4 class=\"wp-block-heading\"><strong>C\u2019est combien vos donn\u00e9es stock\u00e9es&nbsp;:<\/strong><br><\/h4>\n\n\n\n<p>Nous traitons vos donn\u00e9es personnelles, dans la mesure o\u00f9 cela en d\u00e9tail pour les o.g&nbsp;.&nbsp;Des fins est n\u00e9cessaire, pendant la dur\u00e9e de la transmission des donn\u00e9es num\u00e9ris\u00e9es par courrier \u00e9lectronique. Cela d\u00e9passe rarement les 24 heures. Ensuite, cette donn\u00e9e est supprim\u00e9e.<\/p>\n\n\n\n<h4 class=\"wp-block-heading\"><strong>Il y a un automatis\u00e9 d\u00e9cisionnel, y compris le profilage&nbsp;:<\/strong><\/h4>\n\n\n\n<p>L\u2019\u00e9tablissement et la mise en \u0153uvre de la relation commerciale, nous utilisons g\u00e9n\u00e9ralement pas les d\u00e9cisions fond\u00e9es exclusivement sur un traitement automatis\u00e9 selon le \u00a722 RGPD. Si nous utilisons ces proc\u00e9dures dans certains cas, vous serez inform\u00e9 s\u00e9par\u00e9ment \u00e0 ce sujet et sur vos droits \u00e0 cet \u00e9gard, que cela est requis par la loi.<\/p>\n\n\n\n<h4 class=\"wp-block-heading\"><strong>Sont tenus de fournir les donn\u00e9es&nbsp;:<\/strong><\/h4>\n\n\n\n<p>Dans le cadre de notre relation d\u2019affaires, vous devez fournir les donn\u00e9es personnelles qui sont n\u00e9cessaires pour l\u2019enregistrement, la conduite et la cessation d\u2019une relation commerciale et \u00e0 l\u2019accomplissement des obligations contractuelles ou \u00e0 leur Enqu\u00eate que nous sommes tenus par la loi. Sans ces donn\u00e9es, nous ne sommes pas normalement en mesure de faire fermer un contrat avec vous, ex\u00e9cuter et terminer&nbsp;.<\/p>\n\n\n\n<h4 class=\"wp-block-heading\"><strong>Sont les lois de protection des donn\u00e9es&nbsp;:<\/strong><\/h4>\n\n\n\n<p>Vous avez le droit \u00e0 l\u2019information par type&nbsp;.&nbsp;15 RGPD, le droit de correction en cours&nbsp;.&nbsp;16 RGPD, le droit d\u2019annulation selon le type. 17 RGPD, la loi sur la limitation du traitement selon l\u2019art. 18 RGPD ainsi que la loi sur la portabilit\u00e9 des donn\u00e9es de l\u2019art. 20 RGPD. En outre, il y a un droit de recours devant une autorit\u00e9s de contr\u00f4le de protection des donn\u00e9es comp\u00e9tent conform\u00e9ment \u00e0 l\u2019art. 77 RGPD.&nbsp;<\/p>\n","protected":false},"excerpt":{"rendered":"<p>Informations selon les art. 13 et 14 de la r\u00e8glement g\u00e9n\u00e9ral sur la protection des donn\u00e9es (EU RGPD) de r\u00e8glement sur le traitement des donn\u00e9es personnelles et les droits aux personnes concern\u00e9es Nous vous informons par la pr\u00e9sente sur le traitement de vos donn\u00e9es personnelles par nous et par vous comme une personne concern\u00e9e des [&hellip;]<\/p>\n","protected":false},"author":1,"featured_media":0,"parent":0,"menu_order":0,"comment_status":"closed","ping_status":"closed","template":"","meta":{"footnotes":""},"class_list":["post-2263","page","type-page","status-publish","hentry"],"yoast_head":"<!-- This site is optimized with the Yoast SEO plugin v26.4 - https:\/\/yoast.com\/wordpress\/plugins\/seo\/ -->\n<title>Confidentialit\u00e9 des donn\u00e9es R\u00e8glement g\u00e9n\u00e9ral sur la protection des donn\u00e9es - &lt;e-dev\/&gt;<\/title>\n<meta name=\"robots\" content=\"index, follow, max-snippet:-1, max-image-preview:large, max-video-preview:-1\" \/>\n<link rel=\"canonical\" href=\"https:\/\/e-dev.services\/fr\/app-data-privacy\" \/>\n<meta property=\"og:locale\" content=\"fr_FR\" \/>\n<meta property=\"og:type\" content=\"article\" \/>\n<meta property=\"og:title\" content=\"Confidentialit\u00e9 des donn\u00e9es R\u00e8glement g\u00e9n\u00e9ral sur la protection des donn\u00e9es - &lt;e-dev\/&gt;\" \/>\n<meta property=\"og:description\" content=\"Informations selon les art. 13 et 14 de la r\u00e8glement g\u00e9n\u00e9ral sur la protection des donn\u00e9es (EU RGPD) de r\u00e8glement sur le traitement des donn\u00e9es personnelles et les droits aux personnes concern\u00e9es Nous vous informons par la pr\u00e9sente sur le traitement de vos donn\u00e9es personnelles par nous et par vous comme une personne concern\u00e9e des [&hellip;]\" \/>\n<meta property=\"og:url\" content=\"https:\/\/e-dev.services\/fr\/app-data-privacy\" \/>\n<meta property=\"og:site_name\" content=\"&lt;e-dev\/&gt;\" \/>\n<meta property=\"article:modified_time\" content=\"2019-03-26T21:44:30+00:00\" \/>\n<meta name=\"twitter:card\" content=\"summary_large_image\" \/>\n<meta name=\"twitter:label1\" content=\"Dur\u00e9e de lecture estim\u00e9e\" \/>\n\t<meta name=\"twitter:data1\" content=\"5 minutes\" \/>\n<script type=\"application\/ld+json\" class=\"yoast-schema-graph\">{\"@context\":\"https:\/\/schema.org\",\"@graph\":[{\"@type\":\"WebPage\",\"@id\":\"https:\/\/e-dev.services\/fr\/app-data-privacy\",\"url\":\"https:\/\/e-dev.services\/fr\/app-data-privacy\",\"name\":\"Confidentialit\u00e9 des donn\u00e9es R\u00e8glement g\u00e9n\u00e9ral sur la protection des donn\u00e9es - &lt;e-dev\/&gt;\",\"isPartOf\":{\"@id\":\"https:\/\/e-dev.services\/#website\"},\"datePublished\":\"2019-03-26T21:14:28+00:00\",\"dateModified\":\"2019-03-26T21:44:30+00:00\",\"breadcrumb\":{\"@id\":\"https:\/\/e-dev.services\/fr\/app-data-privacy#breadcrumb\"},\"inLanguage\":\"fr-FR\",\"potentialAction\":[{\"@type\":\"ReadAction\",\"target\":[\"https:\/\/e-dev.services\/fr\/app-data-privacy\"]}]},{\"@type\":\"BreadcrumbList\",\"@id\":\"https:\/\/e-dev.services\/fr\/app-data-privacy#breadcrumb\",\"itemListElement\":[{\"@type\":\"ListItem\",\"position\":1,\"name\":\"Startseite\",\"item\":\"https:\/\/e-dev.services\/\"},{\"@type\":\"ListItem\",\"position\":2,\"name\":\"Confidentialit\u00e9 des donn\u00e9es R\u00e8glement g\u00e9n\u00e9ral sur la protection des donn\u00e9es\"}]},{\"@type\":\"WebSite\",\"@id\":\"https:\/\/e-dev.services\/#website\",\"url\":\"https:\/\/e-dev.services\/\",\"name\":\"&lt;e-dev\/&gt;\",\"description\":\"Your Xerox App Factory!\",\"potentialAction\":[{\"@type\":\"SearchAction\",\"target\":{\"@type\":\"EntryPoint\",\"urlTemplate\":\"https:\/\/e-dev.services\/?s={search_term_string}\"},\"query-input\":{\"@type\":\"PropertyValueSpecification\",\"valueRequired\":true,\"valueName\":\"search_term_string\"}}],\"inLanguage\":\"fr-FR\"}]}<\/script>\n<!-- \/ Yoast SEO plugin. -->","yoast_head_json":{"title":"Confidentialit\u00e9 des donn\u00e9es R\u00e8glement g\u00e9n\u00e9ral sur la protection des donn\u00e9es - &lt;e-dev\/&gt;","robots":{"index":"index","follow":"follow","max-snippet":"max-snippet:-1","max-image-preview":"max-image-preview:large","max-video-preview":"max-video-preview:-1"},"canonical":"https:\/\/e-dev.services\/fr\/app-data-privacy","og_locale":"fr_FR","og_type":"article","og_title":"Confidentialit\u00e9 des donn\u00e9es R\u00e8glement g\u00e9n\u00e9ral sur la protection des donn\u00e9es - &lt;e-dev\/&gt;","og_description":"Informations selon les art. 13 et 14 de la r\u00e8glement g\u00e9n\u00e9ral sur la protection des donn\u00e9es (EU RGPD) de r\u00e8glement sur le traitement des donn\u00e9es personnelles et les droits aux personnes concern\u00e9es Nous vous informons par la pr\u00e9sente sur le traitement de vos donn\u00e9es personnelles par nous et par vous comme une personne concern\u00e9e des [&hellip;]","og_url":"https:\/\/e-dev.services\/fr\/app-data-privacy","og_site_name":"&lt;e-dev\/&gt;","article_modified_time":"2019-03-26T21:44:30+00:00","twitter_card":"summary_large_image","twitter_misc":{"Dur\u00e9e de lecture estim\u00e9e":"5 minutes"},"schema":{"@context":"https:\/\/schema.org","@graph":[{"@type":"WebPage","@id":"https:\/\/e-dev.services\/fr\/app-data-privacy","url":"https:\/\/e-dev.services\/fr\/app-data-privacy","name":"Confidentialit\u00e9 des donn\u00e9es R\u00e8glement g\u00e9n\u00e9ral sur la protection des donn\u00e9es - &lt;e-dev\/&gt;","isPartOf":{"@id":"https:\/\/e-dev.services\/#website"},"datePublished":"2019-03-26T21:14:28+00:00","dateModified":"2019-03-26T21:44:30+00:00","breadcrumb":{"@id":"https:\/\/e-dev.services\/fr\/app-data-privacy#breadcrumb"},"inLanguage":"fr-FR","potentialAction":[{"@type":"ReadAction","target":["https:\/\/e-dev.services\/fr\/app-data-privacy"]}]},{"@type":"BreadcrumbList","@id":"https:\/\/e-dev.services\/fr\/app-data-privacy#breadcrumb","itemListElement":[{"@type":"ListItem","position":1,"name":"Startseite","item":"https:\/\/e-dev.services\/"},{"@type":"ListItem","position":2,"name":"Confidentialit\u00e9 des donn\u00e9es R\u00e8glement g\u00e9n\u00e9ral sur la protection des donn\u00e9es"}]},{"@type":"WebSite","@id":"https:\/\/e-dev.services\/#website","url":"https:\/\/e-dev.services\/","name":"&lt;e-dev\/&gt;","description":"Your Xerox App Factory!","potentialAction":[{"@type":"SearchAction","target":{"@type":"EntryPoint","urlTemplate":"https:\/\/e-dev.services\/?s={search_term_string}"},"query-input":{"@type":"PropertyValueSpecification","valueRequired":true,"valueName":"search_term_string"}}],"inLanguage":"fr-FR"}]}},"_links":{"self":[{"href":"https:\/\/e-dev.services\/fr\/wp-json\/wp\/v2\/pages\/2263","targetHints":{"allow":["GET"]}}],"collection":[{"href":"https:\/\/e-dev.services\/fr\/wp-json\/wp\/v2\/pages"}],"about":[{"href":"https:\/\/e-dev.services\/fr\/wp-json\/wp\/v2\/types\/page"}],"author":[{"embeddable":true,"href":"https:\/\/e-dev.services\/fr\/wp-json\/wp\/v2\/users\/1"}],"replies":[{"embeddable":true,"href":"https:\/\/e-dev.services\/fr\/wp-json\/wp\/v2\/comments?post=2263"}],"version-history":[{"count":0,"href":"https:\/\/e-dev.services\/fr\/wp-json\/wp\/v2\/pages\/2263\/revisions"}],"wp:attachment":[{"href":"https:\/\/e-dev.services\/fr\/wp-json\/wp\/v2\/media?parent=2263"}],"curies":[{"name":"wp","href":"https:\/\/api.w.org\/{rel}","templated":true}]}}