{"id":2265,"date":"2019-03-26T21:20:40","date_gmt":"2019-03-26T21:20:40","guid":{"rendered":"https:\/\/e-dev.services\/?page_id=2265"},"modified":"2020-01-09T15:53:14","modified_gmt":"2020-01-09T15:53:14","slug":"app-data-privacy","status":"publish","type":"page","link":"https:\/\/e-dev.services\/es\/app-data-privacy","title":{"rendered":"Declaraci\u00f3n de privacidad"},"content":{"rendered":"\n<h2 class=\"wp-block-heading\"><strong>Informaci\u00f3n\u00a0de acuerdo con los art\u00edculos\u00a013 y 14 del Reglamento General de Protecci\u00f3n de Datos (RGPD) sobre el procesamiento de\u00a0los\u00a0datos personales y los derechos de los afectados.<\/strong>\u00a0<\/h2>\n\n\n\n<p>Por la presente le informamos sobre el tratamiento de sus datos personales llevados a cabo por nosotros y los derechos de protecci\u00f3n de datos a los que tiene derecho.&nbsp;<\/p>\n\n\n\n<p>&nbsp;<br>S\u00edrvase tambi\u00e9n esta informaci\u00f3n para transmitirla a los representantes autorizados actuales y futuros, a los beneficiarios finales y a cualquier otra parte coobligada en una&nbsp;operaci\u00f3n. Entre ellos se encuentran, por ejemplo, los directores generales, los firmantes autorizados, los accionistas o los garantes.&nbsp;&nbsp;<\/p>\n\n\n\n<p>Qu\u00e9 datos se procesan en detalle y c\u00f3mo se utilizan depende en gran medida del tipo y el alcance de nuestra relaci\u00f3n comercial seg\u00fan lo solicitado por usted o acordado con nosotros. Por lo tanto, es posible que no todas las diferentes secciones aqu\u00ed descritas se apliquen a usted.&nbsp;<\/p>\n\n\n\n<p><\/p>\n\n\n\n<h4 class=\"wp-block-heading\">Qui\u00e9n es el responsable del procesamiento de datos y a qui\u00e9n puede dirigirse:\u00a0<\/h4>\n\n\n\n<p>Responsable de procesamiento de datos de acuerdo con el RGPD es\u00a0<\/p>\n\n\n\n<p>e-dox Leipzig AG\u00a0<br>Maximilianallee 2\u00a0<br>D-04129 Leipzig\u00a0<br>Tel: + 49 (0) 2131 2248-0\u00a0<br>Fax: + 49 (0) 341 30 34 59 0\u00a0<br>Correo electr\u00f3nico:\u00a0<a href=\"mailto:leipzig@e-dox.ag\">leipzig@e-dox.ag\u00a0<\/a><br><br>El responsable de protecci\u00f3n de datos de e-dox\u00a0AG Leipzig se encuentra a su disposici\u00f3n en la direcci\u00f3n postal arriba indicada bajo el concepto\u00a0Datenschutzbeauftragter\u00a0(Responsable Protecci\u00f3n de Datos), o por correo electr\u00f3nico\u00a0 en\u00a0datenschutz@e-dox.ag.\u00a0<\/p>\n\n\n\n<h4 class=\"wp-block-heading\">Qu\u00e9 categor\u00edas de datos se procesan y de qu\u00e9 fuentes provienen:\u00a0<\/h4>\n\n\n\n<p>Procesamos los datos de car\u00e1cter personal que leg\u00edtimamente recibimos dentro del \u00e1mbito comercial establecido con usted, nuestros clientes (en particular los compradores, arrendadores, clientes que adquieren nuestras prestaciones de mantenimiento y servicio), socios autorizados que compran nuestros productos, servicios y soluciones, en particular con el fin de distribuirlos y\/o hacer arreglos para nosotros, distribuidores autorizados, Xerox\u00a0o Xerox\u00a0Corporation.<\/p>\n\n\n\n<p>Siguen las categor\u00edas de datos de car\u00e1cter personal:\u00a0<\/p>\n\n\n\n<blockquote class=\"wp-block-quote is-layout-flow wp-block-quote-is-layout-flow\"><p>Informaci\u00f3n de contacto: direcci\u00f3n de correo electr\u00f3nico&nbsp;<\/p><\/blockquote>\n\n\n\n<h4 class=\"wp-block-heading\">Para qu\u00e9 fines y sobre qu\u00e9 base legal procesamos los datos personales:\u00a0<\/h4>\n\n\n\n<p>Procesamos los datos personales de acuerdo con las disposiciones del Reglamento General de Protecci\u00f3n de Datos (RGPD) con el fin de cumplir los contratos existentes con usted como cliente (en particular, el comprador, el arrendatario, el cliente que compra servicios de nosotros) o socio autorizado (que nos compra productos o servicios, en concreto, con el fin de las ventas y \/ o los organiza para nosotros).\u00a0\u00a0<\/p>\n\n\n\n<h4 class=\"wp-block-heading\">Qui\u00e9n recibe sus datos:<\/h4>\n\n\n\n<p>Dentro de e-dox\u00a0AG Leipzig s\u00f3lo reciben sus datos aquellos \u00f3rganos internos, empleados o unidades organizativas que los necesiten con el objetivo de cumplir con los prop\u00f3sitos arriba mencionados. Otros posibles destinatarios son los proveedores de servicios fuera del Grupo Xerox, que utilizamos en el contexto de las relaciones de procesamiento de contratos de acuerdo con el Art. 28 RGPD (por ejemplo, centros de computaci\u00f3n y servicios de TI externos, contabilidad, archivo, administraci\u00f3n, procesamiento de documentos, centros de llamadas, eliminaci\u00f3n de residuos).\u00a0<\/p>\n\n\n\n<h4 class=\"wp-block-heading\">Datos transmitidos a un tercer pa\u00eds o a una organizaci\u00f3n internacional:\u00a0<\/h4>\n\n\n\n<p>Algunos de nuestros encargados de tratamiento se encuentran en terceros pa\u00edses fuera de la Uni\u00f3n Europea y del Espacio Econ\u00f3mico Europeo, como es el caso de los EE.UU., para los cuales la Comisi\u00f3n Europea no ha identificado un nivel adecuado de protecci\u00f3n de datos. Para estos destinatarios, se garantiza un nivel adecuado de protecci\u00f3n de datos mediante la celebraci\u00f3n de las cl\u00e1usulas contractuales tipo introducidas por la Decisi\u00f3n de la Comisi\u00f3n Europea 2010\/87\/UE de 05.02.2010, publicada en el Diario Oficial de la Uni\u00f3n Europea\u00a0n\u00ba\u00a0L39 de 12.02.2010, p. 5 y siguientes y\u00a0 cuya decisi\u00f3n puede consultarse en el siguiente enlace:\u00a0<\/p>\n\n\n\n<p><a href=\"https:\/\/eur-lex.europa.eu\/legal-content\/ES\/TXT\/PDF\/?uri=CELEX:32010D0087&amp;from=es\">https:\/\/eur-lex.europa.eu\/legal-content\/ES\/TXT\/PDF\/?uri=CELEX:32010D0087&amp;from=es<\/a><\/p>\n\n\n\n<h4 class=\"wp-block-heading\">Cu\u00e1nto tiempo se almacenar\u00e1n sus datos:\u00a0<\/h4>\n\n\n\n<p>Procesamos sus datos personales, en la medida en que sea necesario de acuerdo con los fines arriba mencionados, durante la transferencia de los datos escaneados por correo electr\u00f3nico. Este proceso raramente excede las 24 horas. Despu\u00e9s de este tiempo, estos datos se borran.\u00a0<\/p>\n\n\n\n<h4 class=\"wp-block-heading\">Sobre la existencia de un proceso automatizado de toma de decisiones que incluya la elaboraci\u00f3n de perfiles:\u00a0<\/h4>\n\n\n\n<p>Por principio y para la correcta ejecuci\u00f3n de la relaci\u00f3n comercial, no utilizamos las decisiones basadas exclusivamente en un procedimientos automatizado de acuerdo con el Art.\u00a022 RGPD. En caso de que utilicemos tales procedimientos de manera individual o aislada, le informaremos adecuadamente y espec\u00edficamente sobre ello y sobre sus derechos al respecto y en la medida en que as\u00ed lo exija la ley.\u00a0<\/p>\n\n\n\n<h4 class=\"wp-block-heading\">Sobre la obligaci\u00f3n a proporcionar datos:\u00a0<\/h4>\n\n\n\n<p>En el marco de nuestra relaci\u00f3n comercial, usted debe proporcionar aquellos datos personales que sean necesarios para el inicio, la ejecuci\u00f3n y la finalizaci\u00f3n de la relaci\u00f3n comercial y para el cumplimiento de las obligaciones contractuales asociadas a dicha\u00a0relaci\u00f3n\u00a0o\u00a0 aquellos datos que estemos legalmente obligados a recopilar. Sin estos datos, por lo general no estaremos en condiciones de concluir, ejecutar y rescindir un contrato con usted.\u00a0<\/p>\n\n\n\n<h4 class=\"wp-block-heading\">Qu\u00e9 derechos de protecci\u00f3n de datos le corresponden:\u00a0<\/h4>\n\n\n\n<p>Tiene derecho a la informaci\u00f3n de acuerdo con el art. 15 RGPD, derecho a la rectificaci\u00f3n de acuerdo con el art. 16 RGPD,\u00a0 derecho a la retirada de consentimiento de acuerdo con el art. 17 RGPD, derecho de oposici\u00f3n de acuerdo con el art. 18 RGPD, as\u00ed como derecho\u00a0a la portabilidad de datos\u00a0seg\u00fan el art. 20 RGPD.\u00a0 Adem\u00e1s, existe un derecho de recurso ante una autoridad supervisora de protecci\u00f3n de datos competente, de conformidad con el art\u00edculo 77\u00a0RGPD.\u00a0<\/p>\n","protected":false},"excerpt":{"rendered":"<p>Informaci\u00f3n\u00a0de acuerdo con los art\u00edculos\u00a013 y 14 del Reglamento General de Protecci\u00f3n de Datos (RGPD) sobre el procesamiento de\u00a0los\u00a0datos personales y los derechos de los afectados.\u00a0 Por la presente le informamos sobre el tratamiento de sus datos personales llevados a cabo por nosotros y los derechos de protecci\u00f3n de datos a los que tiene derecho.&nbsp; [&hellip;]<\/p>\n","protected":false},"author":1,"featured_media":0,"parent":0,"menu_order":0,"comment_status":"closed","ping_status":"closed","template":"","meta":{"footnotes":""},"class_list":["post-2265","page","type-page","status-publish","hentry"],"yoast_head":"<!-- This site is optimized with the Yoast SEO plugin v26.4 - https:\/\/yoast.com\/wordpress\/plugins\/seo\/ -->\n<title>Declaraci\u00f3n de privacidad - &lt;e-dev\/&gt;<\/title>\n<meta name=\"robots\" content=\"index, follow, max-snippet:-1, max-image-preview:large, max-video-preview:-1\" \/>\n<link rel=\"canonical\" href=\"https:\/\/e-dev.services\/es\/app-data-privacy\" \/>\n<meta property=\"og:locale\" content=\"es_ES\" \/>\n<meta property=\"og:type\" content=\"article\" \/>\n<meta property=\"og:title\" content=\"Declaraci\u00f3n de privacidad - &lt;e-dev\/&gt;\" \/>\n<meta property=\"og:description\" content=\"Informaci\u00f3n\u00a0de acuerdo con los art\u00edculos\u00a013 y 14 del Reglamento General de Protecci\u00f3n de Datos (RGPD) sobre el procesamiento de\u00a0los\u00a0datos personales y los derechos de los afectados.\u00a0 Por la presente le informamos sobre el tratamiento de sus datos personales llevados a cabo por nosotros y los derechos de protecci\u00f3n de datos a los que tiene derecho.&nbsp; [&hellip;]\" \/>\n<meta property=\"og:url\" content=\"https:\/\/e-dev.services\/es\/app-data-privacy\" \/>\n<meta property=\"og:site_name\" content=\"&lt;e-dev\/&gt;\" \/>\n<meta property=\"article:modified_time\" content=\"2020-01-09T15:53:14+00:00\" \/>\n<meta name=\"twitter:card\" content=\"summary_large_image\" \/>\n<meta name=\"twitter:label1\" content=\"Tiempo de lectura\" \/>\n\t<meta name=\"twitter:data1\" content=\"5 minutos\" \/>\n<script type=\"application\/ld+json\" class=\"yoast-schema-graph\">{\"@context\":\"https:\/\/schema.org\",\"@graph\":[{\"@type\":\"WebPage\",\"@id\":\"https:\/\/e-dev.services\/es\/app-data-privacy\",\"url\":\"https:\/\/e-dev.services\/es\/app-data-privacy\",\"name\":\"Declaraci\u00f3n de privacidad - &lt;e-dev\/&gt;\",\"isPartOf\":{\"@id\":\"https:\/\/e-dev.services\/#website\"},\"datePublished\":\"2019-03-26T21:20:40+00:00\",\"dateModified\":\"2020-01-09T15:53:14+00:00\",\"breadcrumb\":{\"@id\":\"https:\/\/e-dev.services\/es\/app-data-privacy#breadcrumb\"},\"inLanguage\":\"es\",\"potentialAction\":[{\"@type\":\"ReadAction\",\"target\":[\"https:\/\/e-dev.services\/es\/app-data-privacy\"]}]},{\"@type\":\"BreadcrumbList\",\"@id\":\"https:\/\/e-dev.services\/es\/app-data-privacy#breadcrumb\",\"itemListElement\":[{\"@type\":\"ListItem\",\"position\":1,\"name\":\"Startseite\",\"item\":\"https:\/\/e-dev.services\/\"},{\"@type\":\"ListItem\",\"position\":2,\"name\":\"Declaraci\u00f3n de privacidad\"}]},{\"@type\":\"WebSite\",\"@id\":\"https:\/\/e-dev.services\/#website\",\"url\":\"https:\/\/e-dev.services\/\",\"name\":\"&lt;e-dev\/&gt;\",\"description\":\"Your Xerox App Factory!\",\"potentialAction\":[{\"@type\":\"SearchAction\",\"target\":{\"@type\":\"EntryPoint\",\"urlTemplate\":\"https:\/\/e-dev.services\/?s={search_term_string}\"},\"query-input\":{\"@type\":\"PropertyValueSpecification\",\"valueRequired\":true,\"valueName\":\"search_term_string\"}}],\"inLanguage\":\"es\"}]}<\/script>\n<!-- \/ Yoast SEO plugin. -->","yoast_head_json":{"title":"Declaraci\u00f3n de privacidad - &lt;e-dev\/&gt;","robots":{"index":"index","follow":"follow","max-snippet":"max-snippet:-1","max-image-preview":"max-image-preview:large","max-video-preview":"max-video-preview:-1"},"canonical":"https:\/\/e-dev.services\/es\/app-data-privacy","og_locale":"es_ES","og_type":"article","og_title":"Declaraci\u00f3n de privacidad - &lt;e-dev\/&gt;","og_description":"Informaci\u00f3n\u00a0de acuerdo con los art\u00edculos\u00a013 y 14 del Reglamento General de Protecci\u00f3n de Datos (RGPD) sobre el procesamiento de\u00a0los\u00a0datos personales y los derechos de los afectados.\u00a0 Por la presente le informamos sobre el tratamiento de sus datos personales llevados a cabo por nosotros y los derechos de protecci\u00f3n de datos a los que tiene derecho.&nbsp; [&hellip;]","og_url":"https:\/\/e-dev.services\/es\/app-data-privacy","og_site_name":"&lt;e-dev\/&gt;","article_modified_time":"2020-01-09T15:53:14+00:00","twitter_card":"summary_large_image","twitter_misc":{"Tiempo de lectura":"5 minutos"},"schema":{"@context":"https:\/\/schema.org","@graph":[{"@type":"WebPage","@id":"https:\/\/e-dev.services\/es\/app-data-privacy","url":"https:\/\/e-dev.services\/es\/app-data-privacy","name":"Declaraci\u00f3n de privacidad - &lt;e-dev\/&gt;","isPartOf":{"@id":"https:\/\/e-dev.services\/#website"},"datePublished":"2019-03-26T21:20:40+00:00","dateModified":"2020-01-09T15:53:14+00:00","breadcrumb":{"@id":"https:\/\/e-dev.services\/es\/app-data-privacy#breadcrumb"},"inLanguage":"es","potentialAction":[{"@type":"ReadAction","target":["https:\/\/e-dev.services\/es\/app-data-privacy"]}]},{"@type":"BreadcrumbList","@id":"https:\/\/e-dev.services\/es\/app-data-privacy#breadcrumb","itemListElement":[{"@type":"ListItem","position":1,"name":"Startseite","item":"https:\/\/e-dev.services\/"},{"@type":"ListItem","position":2,"name":"Declaraci\u00f3n de privacidad"}]},{"@type":"WebSite","@id":"https:\/\/e-dev.services\/#website","url":"https:\/\/e-dev.services\/","name":"&lt;e-dev\/&gt;","description":"Your Xerox App Factory!","potentialAction":[{"@type":"SearchAction","target":{"@type":"EntryPoint","urlTemplate":"https:\/\/e-dev.services\/?s={search_term_string}"},"query-input":{"@type":"PropertyValueSpecification","valueRequired":true,"valueName":"search_term_string"}}],"inLanguage":"es"}]}},"_links":{"self":[{"href":"https:\/\/e-dev.services\/es\/wp-json\/wp\/v2\/pages\/2265","targetHints":{"allow":["GET"]}}],"collection":[{"href":"https:\/\/e-dev.services\/es\/wp-json\/wp\/v2\/pages"}],"about":[{"href":"https:\/\/e-dev.services\/es\/wp-json\/wp\/v2\/types\/page"}],"author":[{"embeddable":true,"href":"https:\/\/e-dev.services\/es\/wp-json\/wp\/v2\/users\/1"}],"replies":[{"embeddable":true,"href":"https:\/\/e-dev.services\/es\/wp-json\/wp\/v2\/comments?post=2265"}],"version-history":[{"count":0,"href":"https:\/\/e-dev.services\/es\/wp-json\/wp\/v2\/pages\/2265\/revisions"}],"wp:attachment":[{"href":"https:\/\/e-dev.services\/es\/wp-json\/wp\/v2\/media?parent=2265"}],"curies":[{"name":"wp","href":"https:\/\/api.w.org\/{rel}","templated":true}]}}