{"id":2261,"date":"2019-03-26T20:58:37","date_gmt":"2019-03-26T20:58:37","guid":{"rendered":"https:\/\/e-dev.services\/?page_id=2261"},"modified":"2019-03-26T21:44:55","modified_gmt":"2019-03-26T21:44:55","slug":"app-data-privacy","status":"publish","type":"page","link":"https:\/\/e-dev.services\/de\/app-data-privacy","title":{"rendered":"Datenschutz f\u00fcr Apps"},"content":{"rendered":"\n<h2 class=\"wp-block-heading\">DATENSCHUTZERKL\u00c4RUNG (GDPR\/DSGVO Compliance)<\/h2>\n\n\n\n<h4 class=\"wp-block-heading\">Informationen gem. Art. 13 und 14 der Datenschutzgrundverordnung (EU DS-GVO) \u00fcber die Verarbeitung personenbezogener Daten und die den betroffenen Personen zustehenden Rechte<\/h4>\n\n\n\n<p>Wir informieren Sie hiermit \u00fcber die Verarbeitung Ihrer personenbezogenen Daten durch uns und die Ihnen als betroffene Person zustehenden Rechte aus dem Datenschutz.&nbsp;<br>Bitte geben Sie diese Informationen auch die aktuellen und k\u00fcnftigen vertretungsberechtigten Personen, wirtschaftlich Berechtigten sowie etwaigen Mitverpflichteten eines Gesch\u00e4fts weiter. Dazu z\u00e4hlen z.B. Gesch\u00e4ftsf\u00fchrer, Prokuristen, Gesellschafter oder B\u00fcrgen.&nbsp;<br>Welche Daten im Einzelnen verarbeitet und in welcher Weise genutzt werden, richtet sich ma\u00dfgeblich nach jeweils von Ihnen beantragter oder mit uns vereinbarter Art und dem Umfang unserer Gesch\u00e4ftsbeziehung. Es ist daher m\u00f6glich, dass nicht alle Teile dieser Informationen auf Sie zutreffen.&nbsp;<br><\/p>\n\n\n\n<h4 class=\"wp-block-heading\">Wer ist f\u00fcr die Datenverarbeitung verantwortlich und an wen k\u00f6nnen Sie sich wenden:\ufeff<\/h4>\n\n\n\n<p>Verantwortlicher f\u00fcr die Datenverarbeitung i.S.d. DSGVO ist die&nbsp;<br>e-dox AG Leipzig&nbsp;<br>Maximilianallee 2&nbsp;<br>D-04129 Leipzig&nbsp;<br>Tel: +49 (0) 2131 2248-0&nbsp;<br>Telefax: +49 (0) 341 30 34 59 0&nbsp;<br>E-Mail:&nbsp;<a href=\"mailto:leipzig@e-dox.ag\">leipzig@e-dox.ag&nbsp;<\/a><\/p>\n\n\n\n<p>Sie erreichen den Datenschutzbeauftragten der e-dox AG Leipzig per Post&nbsp;<br>unter der o.g. Adresse mit dem Zusatz &#8211; Datenschutzbeauftragter \u2013 oder per E-Mail unter&nbsp;<a href=\"mailto:datenschutz@e-dox.ag\">datenschutz@e-dox.ag&nbsp;<\/a>.&nbsp;<\/p>\n\n\n\n<h4 class=\"wp-block-heading\"><strong>Welche Datenkategorien werden verarbeitet und aus welchen Quellen stammen diese:<\/strong><\/h4>\n\n\n\n<p>Wir verarbeiten personenbezogene Daten, die wir im Rahmen unserer Gesch\u00e4ftsbeziehung von Ihnen, unseren Kunden (insb. K\u00e4ufern, Mietern, Kunden die von uns Leistungen wie Wartung und Service beziehen), autorisierten Partnern, die von uns Produkte, Leistungen und L\u00f6sungen insb. zum Zwecke des Vertriebs erwerben und\/oder f\u00fcr uns vermitteln, autorisierten Distributoren, der Xerox GmbH oder Xerox Corporation, zul\u00e4ssigerweise erhalten.&nbsp;<br>Dabei handelt es sich um folgende Kategorien personenbezogener Daten:&nbsp;<br><\/p>\n\n\n\n<blockquote class=\"wp-block-quote is-layout-flow wp-block-quote-is-layout-flow\"><p>Kontaktdaten: E-Mail-Adresse&nbsp;<\/p><\/blockquote>\n\n\n\n<h4 class=\"wp-block-heading\"><strong>Zu welchen Zwecken und auf welchen Rechtsgrundlagen verarbeiten wir personenbezogene Daten:\ufeff<\/strong><\/h4>\n\n\n\n<p>Wir verarbeiten personenbezogene Daten im Einklang mit den Bestimmungen der Datenschutzgrundverordnung (DS-GVO) und dem Bundesdatenschutzgesetz (BDSG) zum Zwecke der Erf\u00fcllung der mit Ihnen als Kunde (insb. K\u00e4ufer, Mieter, Kunde der von uns Leistungen bezieht) oder autorisierten Partner (der von uns Produkte, Leistungen insb. zum Zwecke des Vertriebs erwirbt und\/oder f\u00fcr uns vermittelt) bestehenden Vertr\u00e4ge .&nbsp;<\/p>\n\n\n\n<h4 class=\"wp-block-heading\">Wer erh\u00e4lt Ihre Daten:<\/h4>\n\n\n\n<p>Innerhalb der e-dox AG Leipzig erhalten nur diejenigen internen Stellen, Mitarbeiter oder Organisationseinheiten Ihre Daten, die diese zur Erf\u00fcllung der o.g. Zwecke ben\u00f6tigen. Weitere Empf\u00e4nger sind Dienstleister au\u00dferhalb des Xerox-Konzerns, die wir im Rahmen von Auftragsverarbeitungsverh\u00e4ltnissen gem. Art. 28 DS-GVO heranziehen (z.B. externe Rechenzentren und IT-Dienstleistungen, Accounting, Archivierung, Administration, Belegbearbeitung, Call-Center, Entsorgung).&nbsp;<br><\/p>\n\n\n\n<h4 class=\"wp-block-heading\">Werden Daten In ein Drittland oder an eine internationale Organisation \u00fcbermittelt:\ufeff<\/h4>\n\n\n\n<p>Einige unserer Auftragsverarbeiter sind in Drittstaaten au\u00dferhalb der Europ\u00e4ischen Union und des Europ\u00e4ischen Wirtschaftsraums in den USA ans\u00e4ssig, f\u00fcr die die Europ\u00e4ische Kommission kein angemessenes Datenschutzniveau festgestellt hat. Bei diesen Empf\u00e4ngern wird ein angemessenes Datenschutzniveau durch den Abschluss der durch den Beschluss der Europ\u00e4ischen Kommission 2010\/87\/EU vom 05.02.2010 eingef\u00fchrten Standardvertragsklauseln, die im Amtsblatt der Europ\u00e4ischen Union Nr. L39 vom 12.02.2010, S. 5 ff. und unter&nbsp;<br><a href=\"https:\/\/eur-lex.europa.eu\/LexUriServ\/LexUriServ.do?uri=OJ:L:2010:039:0005:0018:DE:PDF\">https:\/\/eur-lex.europa.eu\/LexUriServ\/LexUriServ.do?uri=OJ:L:2010:039:0005:0018:DE:PDF&nbsp;<\/a>verf\u00fcgbar sind, sichergestellt.&nbsp;<\/p>\n\n\n\n<h4 class=\"wp-block-heading\"><strong>Wie lange werden Ihre Daten gespeichert:<\/strong><\/h4>\n\n\n\n<p>Wir verarbeiten Ihre personenbezogenen Daten, soweit dies im Einzelnen f\u00fcr die o.g. Zwecke erforderlich ist, f\u00fcr die Dauer der \u00dcbertragung der gescannten Daten per E-Mail. Dies \u00fcbersteigt selten die Dauer von 24 Stunden. Danach werden diese Daten gel\u00f6scht.&nbsp;<br><\/p>\n\n\n\n<h4 class=\"wp-block-heading\">Gibt es eine automatisierte Entscheidungsfindung einschlie\u00dflich Profiling:\ufeff<\/h4>\n\n\n\n<p>Zur Begr\u00fcndung und Durchf\u00fchrung der Gesch\u00e4ftsbeziehung nutzen wir grunds\u00e4tzlich keine ausschlie\u00dflich auf einer automatisierten Verarbeitung beruhenden Entscheidungen nach Art. 22 DS-GVO. Sollten wir solche Verfahren in Einzelf\u00e4llen einsetzen, werden wir Sie hier\u00fcber und \u00fcber Ihre diesbez\u00fcglichen Rechte gesondert informieren, soweit dies gesetzlich vorgeschrieben ist.&nbsp;<br><\/p>\n\n\n\n<h4 class=\"wp-block-heading\">Sind Sie zur Bereitstellung von Daten verpflichtet:\ufeff<\/h4>\n\n\n\n<p>Im Rahmen unserer Gesch\u00e4ftsbeziehung m\u00fcssen Sie diejenigen personenbezogenen Daten bereitstellen, die f\u00fcr die Aufnahme, Durchf\u00fchrung und Beendigung einer Gesch\u00e4ftsbeziehung und zur Erf\u00fcllung der damit verbundenen vertraglichen Pflichten erforderlich sind oder zu deren Erhebung wir gesetzlich verpflichtet sind. Ohne diese Daten werden wir in der Regel nicht in der Lage sein, einen Vertrag mit Ihnen zu schlie\u00dfen, diesen auszuf\u00fchren und zu beenden.&nbsp;<br><\/p>\n\n\n\n<h4 class=\"wp-block-heading\">Welche Datenschutzrechte stehen Ihnen zu:\ufeff<\/h4>\n\n\n\n<p>Sie haben das Recht auf Auskunft nach Art. 15 DS-GVO, das Recht auf Berichtigung nach Art. 16 DS-GVO, das Recht auf L\u00f6schung nach Art. 17 DS-GVO, das Recht auf Einschr\u00e4nkung der Verarbeitung nach Art. 18 DS-GVO sowie das Recht auf Daten\u00fcbertragbarkeit aus Art. 20 DS-GVO. F\u00fcr das Auskunftsrecht und das L\u00f6schungsrecht gelten die Einschr\u00e4nkungen nach \u00a7\u00a7 34 und 35 BDSG. Dar\u00fcber hinaus besteht ein Beschwerderecht bei einer zust\u00e4ndigen Datenschutzaufsichtsbeh\u00f6rde gem\u00e4\u00df Art. 77 DS-GVO, \u00a7 19 BDSG.<\/p>\n","protected":false},"excerpt":{"rendered":"<p>DATENSCHUTZERKL\u00c4RUNG (GDPR\/DSGVO Compliance) Informationen gem. Art. 13 und 14 der Datenschutzgrundverordnung (EU DS-GVO) \u00fcber die Verarbeitung personenbezogener Daten und die den betroffenen Personen zustehenden Rechte Wir informieren Sie hiermit \u00fcber die Verarbeitung Ihrer personenbezogenen Daten durch uns und die Ihnen als betroffene Person zustehenden Rechte aus dem Datenschutz.&nbsp;Bitte geben Sie diese Informationen auch die aktuellen [&hellip;]<\/p>\n","protected":false},"author":1,"featured_media":0,"parent":0,"menu_order":0,"comment_status":"closed","ping_status":"closed","template":"","meta":{"footnotes":""},"class_list":["post-2261","page","type-page","status-publish","hentry"],"yoast_head":"<!-- This site is optimized with the Yoast SEO plugin v26.4 - https:\/\/yoast.com\/wordpress\/plugins\/seo\/ -->\n<title>Datenschutz f\u00fcr Apps - &lt;e-dev\/&gt;<\/title>\n<meta name=\"robots\" content=\"index, follow, max-snippet:-1, max-image-preview:large, max-video-preview:-1\" \/>\n<link rel=\"canonical\" href=\"https:\/\/e-dev.services\/de\/app-data-privacy\" \/>\n<meta property=\"og:locale\" content=\"de_DE\" \/>\n<meta property=\"og:type\" content=\"article\" \/>\n<meta property=\"og:title\" content=\"Datenschutz f\u00fcr Apps - &lt;e-dev\/&gt;\" \/>\n<meta property=\"og:description\" content=\"DATENSCHUTZERKL\u00c4RUNG (GDPR\/DSGVO Compliance) Informationen gem. Art. 13 und 14 der Datenschutzgrundverordnung (EU DS-GVO) \u00fcber die Verarbeitung personenbezogener Daten und die den betroffenen Personen zustehenden Rechte Wir informieren Sie hiermit \u00fcber die Verarbeitung Ihrer personenbezogenen Daten durch uns und die Ihnen als betroffene Person zustehenden Rechte aus dem Datenschutz.&nbsp;Bitte geben Sie diese Informationen auch die aktuellen [&hellip;]\" \/>\n<meta property=\"og:url\" content=\"https:\/\/e-dev.services\/de\/app-data-privacy\" \/>\n<meta property=\"og:site_name\" content=\"&lt;e-dev\/&gt;\" \/>\n<meta property=\"article:modified_time\" content=\"2019-03-26T21:44:55+00:00\" \/>\n<meta name=\"twitter:card\" content=\"summary_large_image\" \/>\n<meta name=\"twitter:label1\" content=\"Gesch\u00e4tzte Lesezeit\" \/>\n\t<meta name=\"twitter:data1\" content=\"4\u00a0Minuten\" \/>\n<script type=\"application\/ld+json\" class=\"yoast-schema-graph\">{\"@context\":\"https:\/\/schema.org\",\"@graph\":[{\"@type\":\"WebPage\",\"@id\":\"https:\/\/e-dev.services\/de\/app-data-privacy\",\"url\":\"https:\/\/e-dev.services\/de\/app-data-privacy\",\"name\":\"Datenschutz f\u00fcr Apps - &lt;e-dev\/&gt;\",\"isPartOf\":{\"@id\":\"https:\/\/e-dev.services\/#website\"},\"datePublished\":\"2019-03-26T20:58:37+00:00\",\"dateModified\":\"2019-03-26T21:44:55+00:00\",\"breadcrumb\":{\"@id\":\"https:\/\/e-dev.services\/de\/app-data-privacy#breadcrumb\"},\"inLanguage\":\"de\",\"potentialAction\":[{\"@type\":\"ReadAction\",\"target\":[\"https:\/\/e-dev.services\/de\/app-data-privacy\"]}]},{\"@type\":\"BreadcrumbList\",\"@id\":\"https:\/\/e-dev.services\/de\/app-data-privacy#breadcrumb\",\"itemListElement\":[{\"@type\":\"ListItem\",\"position\":1,\"name\":\"Startseite\",\"item\":\"https:\/\/e-dev.services\/de\"},{\"@type\":\"ListItem\",\"position\":2,\"name\":\"Datenschutz f\u00fcr Apps\"}]},{\"@type\":\"WebSite\",\"@id\":\"https:\/\/e-dev.services\/#website\",\"url\":\"https:\/\/e-dev.services\/\",\"name\":\"&lt;e-dev\/&gt;\",\"description\":\"Your Xerox App Factory!\",\"potentialAction\":[{\"@type\":\"SearchAction\",\"target\":{\"@type\":\"EntryPoint\",\"urlTemplate\":\"https:\/\/e-dev.services\/?s={search_term_string}\"},\"query-input\":{\"@type\":\"PropertyValueSpecification\",\"valueRequired\":true,\"valueName\":\"search_term_string\"}}],\"inLanguage\":\"de\"}]}<\/script>\n<!-- \/ Yoast SEO plugin. -->","yoast_head_json":{"title":"Datenschutz f\u00fcr Apps - &lt;e-dev\/&gt;","robots":{"index":"index","follow":"follow","max-snippet":"max-snippet:-1","max-image-preview":"max-image-preview:large","max-video-preview":"max-video-preview:-1"},"canonical":"https:\/\/e-dev.services\/de\/app-data-privacy","og_locale":"de_DE","og_type":"article","og_title":"Datenschutz f\u00fcr Apps - &lt;e-dev\/&gt;","og_description":"DATENSCHUTZERKL\u00c4RUNG (GDPR\/DSGVO Compliance) Informationen gem. Art. 13 und 14 der Datenschutzgrundverordnung (EU DS-GVO) \u00fcber die Verarbeitung personenbezogener Daten und die den betroffenen Personen zustehenden Rechte Wir informieren Sie hiermit \u00fcber die Verarbeitung Ihrer personenbezogenen Daten durch uns und die Ihnen als betroffene Person zustehenden Rechte aus dem Datenschutz.&nbsp;Bitte geben Sie diese Informationen auch die aktuellen [&hellip;]","og_url":"https:\/\/e-dev.services\/de\/app-data-privacy","og_site_name":"&lt;e-dev\/&gt;","article_modified_time":"2019-03-26T21:44:55+00:00","twitter_card":"summary_large_image","twitter_misc":{"Gesch\u00e4tzte Lesezeit":"4\u00a0Minuten"},"schema":{"@context":"https:\/\/schema.org","@graph":[{"@type":"WebPage","@id":"https:\/\/e-dev.services\/de\/app-data-privacy","url":"https:\/\/e-dev.services\/de\/app-data-privacy","name":"Datenschutz f\u00fcr Apps - &lt;e-dev\/&gt;","isPartOf":{"@id":"https:\/\/e-dev.services\/#website"},"datePublished":"2019-03-26T20:58:37+00:00","dateModified":"2019-03-26T21:44:55+00:00","breadcrumb":{"@id":"https:\/\/e-dev.services\/de\/app-data-privacy#breadcrumb"},"inLanguage":"de","potentialAction":[{"@type":"ReadAction","target":["https:\/\/e-dev.services\/de\/app-data-privacy"]}]},{"@type":"BreadcrumbList","@id":"https:\/\/e-dev.services\/de\/app-data-privacy#breadcrumb","itemListElement":[{"@type":"ListItem","position":1,"name":"Startseite","item":"https:\/\/e-dev.services\/de"},{"@type":"ListItem","position":2,"name":"Datenschutz f\u00fcr Apps"}]},{"@type":"WebSite","@id":"https:\/\/e-dev.services\/#website","url":"https:\/\/e-dev.services\/","name":"&lt;e-dev\/&gt;","description":"Your Xerox App Factory!","potentialAction":[{"@type":"SearchAction","target":{"@type":"EntryPoint","urlTemplate":"https:\/\/e-dev.services\/?s={search_term_string}"},"query-input":{"@type":"PropertyValueSpecification","valueRequired":true,"valueName":"search_term_string"}}],"inLanguage":"de"}]}},"_links":{"self":[{"href":"https:\/\/e-dev.services\/de\/wp-json\/wp\/v2\/pages\/2261","targetHints":{"allow":["GET"]}}],"collection":[{"href":"https:\/\/e-dev.services\/de\/wp-json\/wp\/v2\/pages"}],"about":[{"href":"https:\/\/e-dev.services\/de\/wp-json\/wp\/v2\/types\/page"}],"author":[{"embeddable":true,"href":"https:\/\/e-dev.services\/de\/wp-json\/wp\/v2\/users\/1"}],"replies":[{"embeddable":true,"href":"https:\/\/e-dev.services\/de\/wp-json\/wp\/v2\/comments?post=2261"}],"version-history":[{"count":0,"href":"https:\/\/e-dev.services\/de\/wp-json\/wp\/v2\/pages\/2261\/revisions"}],"wp:attachment":[{"href":"https:\/\/e-dev.services\/de\/wp-json\/wp\/v2\/media?parent=2261"}],"curies":[{"name":"wp","href":"https:\/\/api.w.org\/{rel}","templated":true}]}}