{"id":1516,"date":"2018-04-05T07:05:46","date_gmt":"2018-04-05T07:05:46","guid":{"rendered":"http:\/\/www.e-dev.services\/book2go\/doc\/"},"modified":"2019-04-05T14:44:34","modified_gmt":"2019-04-05T14:44:34","slug":"doc","status":"publish","type":"page","link":"https:\/\/e-dev.services\/de\/book2go\/doc","title":{"rendered":"Book2Go Dokumentation"},"content":{"rendered":"<div class=\"shortcode row\">\n<div style=\"height: 20px\"><\/div>\n<\/div>\n<div class=\"shortcode row\">\n<p style=\"text-align: left;\"><div class=\"c4\"> <img decoding=\"async\" class=\"size-full wp-image-1309 alignleft\" src=\"https:\/\/e-dev.services\/wp-content\/uploads\/2018\/03\/book2go256x192.png\" alt=\"\" width=\"256\" height=\"192\" \/><\/div><div class=\"c8\">Dies ist die Dokumentation der Book2Go App. Hier finden Sie alle notwendigen Informtionen zur Registrierung, Installation und Benutzung der Book2Go App auf Ihren Xerox Ger\u00e4ten.<\/p>\n<h3><a href=\"#reg\">\u00bb Registrierung<\/a><\/h3>\n<h3><a href=\"#ins\">\u00bb Installation<\/a><\/h3>\n<h3><a href=\"#use\">\u00bb Benutzung<\/a><\/h3>\n<p style=\"text-align: left;\"><\/div>\n<\/div>\n<hr>\n<div class=\"shortcode row\">\n<h3 id=\"reg\">\u00bb Registrierung<\/h3>\n<div class=\"c4\">Wie registriert man sich?:<\/p>\n<p><img decoding=\"async\" class=\"aligncenter size-full wp-image-1967\" src=\"https:\/\/e-dev.services\/wp-content\/uploads\/2018\/07\/Book2Go-App-Aktivierung.png\" alt=\"Book2Go App Xerox\" width=\"300\" height=\"155\" \/><\/p>\n<\/div>\n<div class=\"c8\"> Die Book2Go App ist sehr kosteng\u00fcnstige App. Loggen Sie sich einfach mit Ihrem Account in der Xerox App Gallery ein. Und erwerben die App f\u00fcr nur wenige Euro im Jahr. Eine kostenfrei Testperiode ist nat\u00fcrlich m\u00f6glich. Falls Sie an einer Private Cloud Lizenz interessiert sind, z\u00f6gern Sie nicht uns zu kontaktieren.<\/p>\n<a href=\"https:\/\/e-dev.services\/de\/book2go\/\"  target=\"_blank\" class=\"sbutton square noshadow small mainthemebgcolor\"><i class=\"fa fa-\"><\/i> Jetzt registrieren!<\/a>\n<\/div>\n<\/div>\n<hr>\n<div class=\"shortcode row\">\n<h3 id=\"ins\">\u00bb Installation<\/h3>\n<div class=\"c4\">Wie wird die App installiert?:<\/div>\n<div class=\"c8\"> Sie k\u00f6nnen die Book2Go App in Xerox App Gallery erwerben. Der Admin muss diese dann auf dem Xerox Ger\u00e4t installieren oder Sie benutzen die Xerox App Gallery direkt auf Ihrem Xerox Ger\u00e4t und laden die App herunter. <\/div>\n<\/div>\n<hr>\n<div class=\"shortcode row\">\n<h3 id=\"use\">\u00bb Wie benutzt man die Book2Go App<\/h3>\n<div class=\"c4\"><\/div>\n<div class=\"c8\">\nDie Book2Go App ist sehr einfach zu benutzen. Hier finden Sie eine Schritt-f\u00fcr-Schritt Anleitung:<br \/>\nWenn Sie ein paar Seiten bzw. Dokumente scannen wollen, legen Sie diese zuerst auf den Scanner des Xerox Ger\u00e4tes.<\/p>\n<p>Anschlie\u00dfend \u00f6ffnen Sie bitte \u00fcber das Touchdisplay die Book2Go App. Jetzt sehen Sie den ersten Bildschirm.<br \/>\n<\/div>\n<\/div>\n<div class=\"shortcode row\">\n<div class=\"c4\"><img fetchpriority=\"high\" decoding=\"async\" class=\"wp-image-1341 size-medium alignleft\" src=\"https:\/\/e-dev.services\/wp-content\/uploads\/2018\/03\/screenshot-ge-001-300x180.png\" alt=\"\" width=\"300\" height=\"180\" srcset=\"https:\/\/e-dev.services\/wp-content\/uploads\/2018\/03\/screenshot-ge-001-300x180.png 300w, https:\/\/e-dev.services\/wp-content\/uploads\/2018\/03\/screenshot-ge-001-768x461.png 768w, https:\/\/e-dev.services\/wp-content\/uploads\/2018\/03\/screenshot-ge-001.png 800w\" sizes=\"(max-width: 300px) 100vw, 300px\" \/><\/div>\n<div class=\"c8\">\n<p>Hier k\u00f6nnen Sie:<\/p>\n<p>1.) (optional) die Scan-Einstellungen \u00e4ndern z.B. Aufl\u00f6sung, Farbe etc.<br \/>\n2.) Einen neuen Scan starten.<\/p>\n<\/div>\n<\/div>\n<div class=\"shortcode row\"><div class=\"c4\">\n<img loading=\"lazy\" decoding=\"async\" class=\"wp-image-1340 size-medium alignleft\" src=\"https:\/\/e-dev.services\/wp-content\/uploads\/2018\/03\/screenshot-ge-002-300x180.png\" alt=\"\" width=\"300\" height=\"180\" srcset=\"https:\/\/e-dev.services\/wp-content\/uploads\/2018\/03\/screenshot-ge-002-300x180.png 300w, https:\/\/e-dev.services\/wp-content\/uploads\/2018\/03\/screenshot-ge-002-768x461.png 768w, https:\/\/e-dev.services\/wp-content\/uploads\/2018\/03\/screenshot-ge-002.png 800w\" sizes=\"(max-width: 300px) 100vw, 300px\" \/><\/div>\n<div class=\"c8\"> Nach dem Start des neuen Scanvorganges m\u00fcssen Sie zuerst das Format des Dokumentes eingeben. Daf\u00fcr k\u00f6nnen Sie die Format-Vorauswahl nutzen oder die Dokumentengr\u00f6\u00dfe manuell eingeben. Anschlie\u00dfend mit &#8222;Speichern&#8220; die Einstellungen best\u00e4tigen. <\/div>\n<\/div> <div class=\"shortcode row\"><div class=\"c4\">\n<img loading=\"lazy\" decoding=\"async\" class=\"wp-image-1339 size-medium alignleft\" src=\"https:\/\/e-dev.services\/wp-content\/uploads\/2018\/03\/screenshot-ge-003-300x180.png\" alt=\"\" width=\"300\" height=\"180\" srcset=\"https:\/\/e-dev.services\/wp-content\/uploads\/2018\/03\/screenshot-ge-003-300x180.png 300w, https:\/\/e-dev.services\/wp-content\/uploads\/2018\/03\/screenshot-ge-003-768x461.png 768w, https:\/\/e-dev.services\/wp-content\/uploads\/2018\/03\/screenshot-ge-003.png 800w\" sizes=\"(max-width: 300px) 100vw, 300px\" \/><\/div>\n<div class=\"c8\">Der Scanvorgang beginnt. <\/div>\n<\/div>\n<div class=\"shortcode row\"><div class=\"c4\">\n<img loading=\"lazy\" decoding=\"async\" class=\"wp-image-1338 size-medium alignleft\" src=\"https:\/\/e-dev.services\/wp-content\/uploads\/2018\/03\/screenshot-ge-004-300x180.png\" alt=\"\" width=\"300\" height=\"180\" srcset=\"https:\/\/e-dev.services\/wp-content\/uploads\/2018\/03\/screenshot-ge-004-300x180.png 300w, https:\/\/e-dev.services\/wp-content\/uploads\/2018\/03\/screenshot-ge-004-768x461.png 768w, https:\/\/e-dev.services\/wp-content\/uploads\/2018\/03\/screenshot-ge-004.png 800w\" sizes=\"(max-width: 300px) 100vw, 300px\" \/><\/div>\n<div class=\"c8\"> Nach Beendigung des Scanvorganges k\u00f6nnen Sie ausw\u00e4hlen, wie Sie ihre Dokumente erhalten m\u00f6chten.<\/p>\n<p>1.) Name des Dokumentes<br \/>\n2.) eine Email-Adresse, an die das Dokument gesendet werden soll<br \/>\n3.) Button &#8222;Email senden&#8220; bet\u00e4tigen<br \/>\n4.) Fertig<\/p>\n<p>Oder\/ und<\/p>\n<p>Scannen Sie den auf dem Display angezeigten QR-Code mit einem entsprechenden QR-Code-Reader auf Ihrem Smartphone.<\/p>\n<\/div>\n<\/div>\n<div class=\"clearfix\"><\/div>\n<hr>\n<div class=\"clearfix\"><\/div>\n<div class=\"shortcode row\">\n<div class=\"c4\"><\/div>\n<div class=\"c4\"><a href=\"https:\/\/e-dev.services\/de\/book2go\/\"  target=\"_blank\" class=\"sbutton square noshadow small mainthemebgcolor\"><i class=\"fa fa-\"><\/i> Jetzt registrieren!<\/a><\/div>\n<div class=\"c4\"><a href=\"https:\/\/e-dev.services\/de\/mein-account\/\"  target=\"_blank\" class=\"sbutton square noshadow small mainthemebgcolor\"><i class=\"fa fa-\"><\/i> Zum Account<\/a><\/div>\n<\/div>\n","protected":false},"excerpt":{"rendered":"","protected":false},"author":2,"featured_media":0,"parent":1323,"menu_order":0,"comment_status":"closed","ping_status":"closed","template":"","meta":{"footnotes":""},"class_list":["post-1516","page","type-page","status-publish","hentry"],"yoast_head":"<!-- This site is optimized with the Yoast SEO plugin v26.4 - https:\/\/yoast.com\/wordpress\/plugins\/seo\/ -->\n<title>Book2Go Dokumentation - &lt;e-dev\/&gt;<\/title>\n<meta name=\"robots\" content=\"index, follow, max-snippet:-1, max-image-preview:large, max-video-preview:-1\" \/>\n<link rel=\"canonical\" href=\"https:\/\/e-dev.services\/de\/book2go\/doc\" \/>\n<meta property=\"og:locale\" content=\"de_DE\" \/>\n<meta property=\"og:type\" content=\"article\" \/>\n<meta property=\"og:title\" content=\"Book2Go Dokumentation - &lt;e-dev\/&gt;\" \/>\n<meta property=\"og:url\" content=\"https:\/\/e-dev.services\/de\/book2go\/doc\" \/>\n<meta property=\"og:site_name\" content=\"&lt;e-dev\/&gt;\" \/>\n<meta property=\"article:modified_time\" content=\"2019-04-05T14:44:34+00:00\" \/>\n<meta property=\"og:image\" content=\"https:\/\/e-dev.services\/wp-content\/uploads\/2018\/03\/book2go256x192.png\" \/>\n<meta name=\"twitter:card\" content=\"summary_large_image\" \/>\n<meta name=\"twitter:label1\" content=\"Gesch\u00e4tzte Lesezeit\" \/>\n\t<meta name=\"twitter:data1\" content=\"2\u00a0Minuten\" \/>\n<script type=\"application\/ld+json\" class=\"yoast-schema-graph\">{\"@context\":\"https:\/\/schema.org\",\"@graph\":[{\"@type\":\"WebPage\",\"@id\":\"https:\/\/e-dev.services\/de\/book2go\/doc\",\"url\":\"https:\/\/e-dev.services\/de\/book2go\/doc\",\"name\":\"Book2Go Dokumentation - &lt;e-dev\/&gt;\",\"isPartOf\":{\"@id\":\"https:\/\/e-dev.services\/#website\"},\"primaryImageOfPage\":{\"@id\":\"https:\/\/e-dev.services\/de\/book2go\/doc#primaryimage\"},\"image\":{\"@id\":\"https:\/\/e-dev.services\/de\/book2go\/doc#primaryimage\"},\"thumbnailUrl\":\"https:\/\/e-dev.services\/wp-content\/uploads\/2018\/03\/book2go256x192.png\",\"datePublished\":\"2018-04-05T07:05:46+00:00\",\"dateModified\":\"2019-04-05T14:44:34+00:00\",\"breadcrumb\":{\"@id\":\"https:\/\/e-dev.services\/de\/book2go\/doc#breadcrumb\"},\"inLanguage\":\"de\",\"potentialAction\":[{\"@type\":\"ReadAction\",\"target\":[\"https:\/\/e-dev.services\/de\/book2go\/doc\"]}]},{\"@type\":\"ImageObject\",\"inLanguage\":\"de\",\"@id\":\"https:\/\/e-dev.services\/de\/book2go\/doc#primaryimage\",\"url\":\"https:\/\/e-dev.services\/wp-content\/uploads\/2018\/03\/book2go256x192.png\",\"contentUrl\":\"https:\/\/e-dev.services\/wp-content\/uploads\/2018\/03\/book2go256x192.png\"},{\"@type\":\"BreadcrumbList\",\"@id\":\"https:\/\/e-dev.services\/de\/book2go\/doc#breadcrumb\",\"itemListElement\":[{\"@type\":\"ListItem\",\"position\":1,\"name\":\"Startseite\",\"item\":\"https:\/\/e-dev.services\/de\"},{\"@type\":\"ListItem\",\"position\":2,\"name\":\"Book2Go\",\"item\":\"https:\/\/e-dev.services\/de\/book2go\"},{\"@type\":\"ListItem\",\"position\":3,\"name\":\"Book2Go Dokumentation\"}]},{\"@type\":\"WebSite\",\"@id\":\"https:\/\/e-dev.services\/#website\",\"url\":\"https:\/\/e-dev.services\/\",\"name\":\"&lt;e-dev\/&gt;\",\"description\":\"Your Xerox App Factory!\",\"potentialAction\":[{\"@type\":\"SearchAction\",\"target\":{\"@type\":\"EntryPoint\",\"urlTemplate\":\"https:\/\/e-dev.services\/?s={search_term_string}\"},\"query-input\":{\"@type\":\"PropertyValueSpecification\",\"valueRequired\":true,\"valueName\":\"search_term_string\"}}],\"inLanguage\":\"de\"}]}<\/script>\n<!-- \/ Yoast SEO plugin. -->","yoast_head_json":{"title":"Book2Go Dokumentation - &lt;e-dev\/&gt;","robots":{"index":"index","follow":"follow","max-snippet":"max-snippet:-1","max-image-preview":"max-image-preview:large","max-video-preview":"max-video-preview:-1"},"canonical":"https:\/\/e-dev.services\/de\/book2go\/doc","og_locale":"de_DE","og_type":"article","og_title":"Book2Go Dokumentation - &lt;e-dev\/&gt;","og_url":"https:\/\/e-dev.services\/de\/book2go\/doc","og_site_name":"&lt;e-dev\/&gt;","article_modified_time":"2019-04-05T14:44:34+00:00","og_image":[{"url":"https:\/\/e-dev.services\/wp-content\/uploads\/2018\/03\/book2go256x192.png","type":"","width":"","height":""}],"twitter_card":"summary_large_image","twitter_misc":{"Gesch\u00e4tzte Lesezeit":"2\u00a0Minuten"},"schema":{"@context":"https:\/\/schema.org","@graph":[{"@type":"WebPage","@id":"https:\/\/e-dev.services\/de\/book2go\/doc","url":"https:\/\/e-dev.services\/de\/book2go\/doc","name":"Book2Go Dokumentation - &lt;e-dev\/&gt;","isPartOf":{"@id":"https:\/\/e-dev.services\/#website"},"primaryImageOfPage":{"@id":"https:\/\/e-dev.services\/de\/book2go\/doc#primaryimage"},"image":{"@id":"https:\/\/e-dev.services\/de\/book2go\/doc#primaryimage"},"thumbnailUrl":"https:\/\/e-dev.services\/wp-content\/uploads\/2018\/03\/book2go256x192.png","datePublished":"2018-04-05T07:05:46+00:00","dateModified":"2019-04-05T14:44:34+00:00","breadcrumb":{"@id":"https:\/\/e-dev.services\/de\/book2go\/doc#breadcrumb"},"inLanguage":"de","potentialAction":[{"@type":"ReadAction","target":["https:\/\/e-dev.services\/de\/book2go\/doc"]}]},{"@type":"ImageObject","inLanguage":"de","@id":"https:\/\/e-dev.services\/de\/book2go\/doc#primaryimage","url":"https:\/\/e-dev.services\/wp-content\/uploads\/2018\/03\/book2go256x192.png","contentUrl":"https:\/\/e-dev.services\/wp-content\/uploads\/2018\/03\/book2go256x192.png"},{"@type":"BreadcrumbList","@id":"https:\/\/e-dev.services\/de\/book2go\/doc#breadcrumb","itemListElement":[{"@type":"ListItem","position":1,"name":"Startseite","item":"https:\/\/e-dev.services\/de"},{"@type":"ListItem","position":2,"name":"Book2Go","item":"https:\/\/e-dev.services\/de\/book2go"},{"@type":"ListItem","position":3,"name":"Book2Go Dokumentation"}]},{"@type":"WebSite","@id":"https:\/\/e-dev.services\/#website","url":"https:\/\/e-dev.services\/","name":"&lt;e-dev\/&gt;","description":"Your Xerox App Factory!","potentialAction":[{"@type":"SearchAction","target":{"@type":"EntryPoint","urlTemplate":"https:\/\/e-dev.services\/?s={search_term_string}"},"query-input":{"@type":"PropertyValueSpecification","valueRequired":true,"valueName":"search_term_string"}}],"inLanguage":"de"}]}},"_links":{"self":[{"href":"https:\/\/e-dev.services\/de\/wp-json\/wp\/v2\/pages\/1516","targetHints":{"allow":["GET"]}}],"collection":[{"href":"https:\/\/e-dev.services\/de\/wp-json\/wp\/v2\/pages"}],"about":[{"href":"https:\/\/e-dev.services\/de\/wp-json\/wp\/v2\/types\/page"}],"author":[{"embeddable":true,"href":"https:\/\/e-dev.services\/de\/wp-json\/wp\/v2\/users\/2"}],"replies":[{"embeddable":true,"href":"https:\/\/e-dev.services\/de\/wp-json\/wp\/v2\/comments?post=1516"}],"version-history":[{"count":0,"href":"https:\/\/e-dev.services\/de\/wp-json\/wp\/v2\/pages\/1516\/revisions"}],"up":[{"embeddable":true,"href":"https:\/\/e-dev.services\/de\/wp-json\/wp\/v2\/pages\/1323"}],"wp:attachment":[{"href":"https:\/\/e-dev.services\/de\/wp-json\/wp\/v2\/media?parent=1516"}],"curies":[{"name":"wp","href":"https:\/\/api.w.org\/{rel}","templated":true}]}}