{"id":1177,"date":"2018-03-09T10:05:26","date_gmt":"2018-03-09T10:05:26","guid":{"rendered":"http:\/\/www.e-dev.services\/?page_id=1177"},"modified":"2025-03-21T18:50:17","modified_gmt":"2025-03-21T17:50:17","slug":"app-entwicklung","status":"publish","type":"page","link":"https:\/\/e-dev.services\/de\/app-entwicklung","title":{"rendered":"App-Entwicklung"},"content":{"rendered":"<p style=\"text-align: center;\"><div class=\"shortcode row\"><div class=\"row text-center intro\"><div class=\"c12\"><div class=\"featured lead\"><h1>Apps &#8211; Ihr Ass im \u00c4rmel!<\/h1>\n<p style=\"text-align: center;\">Sie wollen Ihrer Konkurrenz voraus sein? Ihrem Kunden Mehrwert anbieten und mit individuellen L\u00f6sungen punkten?<\/p>\n<p style=\"text-align: center;\">Die Entwicklung von Apps zur L\u00f6sung von Problemen Ihrer Kunden, kann Ihr Vorteil im Wettbewerb sein.<\/p>\n<p style=\"text-align: center;\">\u00dcbertreffen Sie die Konkurrenz und nutzen Sie unsere M\u00f6glichkeiten der App-Entwicklung als Differenzierungsm\u00f6glichkeit f\u00fcr SIE.<\/p>\n<p style=\"text-align: center;\">Dank Xerox ConnectKey Technologie: <strong>Einfach anders. Einfach besser.<\/strong><\/div><\/div><\/div><\/div>\n<div class=\"titleborder center\"><div><h1>Zusammenarbeit<\/h1><\/div><\/div>\n<div class=\"shortcode row\">\n<div class=\"c8\"><video autoplay=\"autoplay\" width=\"720\" height=\"405\"><source src=\"https:\/\/e-dev.services\/wp-content\/uploads\/2018\/03\/e-devAppDev.mp4\" type=\"video\/mp4\" \/><source src=\"https:\/\/e-dev.services\/wp-content\/uploads\/2018\/03\/e-devAppDev.mov\" type=\"video\/quicktime\" \/>Your browser does not support the video tag.<\/video><\/div><div class=\"c4\"><div class=\"row text-center intro\"><div class=\"c12\"><div class=\"featured lead\"><h1>Wie l\u00e4uft die Zusammenarbeit ab?<\/h1>\n<p>Schildern Sie uns das Problem, was mit einer App gel\u00f6st werden muss. Geben Sie uns die Anforderungen an die zu entwickelnde App und \u00e4u\u00dfern Sie gerne Ihre Designw\u00fcnsche. Anhand Ihrer Angaben k\u00f6nnen wir Ihnen ein Angebot unterbreiten. Bei offenen Fragen wird Sie unser Entwicklerteam kontaktieren.<\/p>\n<p>Alternativ k\u00f6nnte f\u00fcr Sie auch eines unserer <a href=\"https:\/\/e-dev.services\/de\/\">RENT-A-DEV<\/a> Service-Pakete interessant sein. Lassen Sie sich beraten! .<\/div><\/div><\/div><\/div>\n<\/div>\n<div class=\"titleborder center\"><div><h1>Projektanfrage<\/h1><\/div><\/div>\n<div class=\"shortcode row\">\n<div class=\"c8\">\n<h3>F\u00fcllen Sie die Anfrage aus und treten Sie mit uns in Kontakt!<\/h3>\n<\/div>\n<div class=\"c4\">\n<div class=\"thumbnail\"><img decoding=\"async\" src=\"https:\/\/e-dev.services\/wp-content\/uploads\/2020\/10\/thumbnail-2-e1603182316622.png\" alt=\"\"><div class=\"caption\"><h4>Marcus Putschli<\/h4><span class=\"fontitalic\">Vorstand &amp; Entwickler<\/span><p>Jedes Mitglied meines Teams freut sich, Sie zu unterst\u00fctzen.<br><\/p><ul class=\"social-icons\">\n<p>Mail: <a href=\"mailto:apprequest@e-dev.services\">contact(at)e-dev.services<\/a><br \/>\nTel: +49 221 64009009<\/p>\n<li><a href=\"\"><i class=\"fa fa-linkedin\"><\/i><\/a><\/li>\n<li><a href=\"https:\/\/twitter.com\/marcusputschli\"><i class=\"fa fa-twitter\"><\/i><\/a><\/li>\n<\/ul><\/div><\/div>\n<\/div>\n<\/div>\n","protected":false},"excerpt":{"rendered":"","protected":false},"author":2,"featured_media":0,"parent":0,"menu_order":0,"comment_status":"closed","ping_status":"closed","template":"","meta":{"footnotes":""},"class_list":["post-1177","page","type-page","status-publish","hentry"],"yoast_head":"<!-- This site is optimized with the Yoast SEO plugin v26.4 - https:\/\/yoast.com\/wordpress\/plugins\/seo\/ -->\n<title>App-Entwicklung - &lt;e-dev\/&gt;<\/title>\n<meta name=\"robots\" content=\"index, follow, max-snippet:-1, max-image-preview:large, max-video-preview:-1\" \/>\n<link rel=\"canonical\" href=\"https:\/\/e-dev.services\/de\/app-entwicklung\" \/>\n<meta property=\"og:locale\" content=\"de_DE\" \/>\n<meta property=\"og:type\" content=\"article\" \/>\n<meta property=\"og:title\" content=\"App-Entwicklung - &lt;e-dev\/&gt;\" \/>\n<meta property=\"og:url\" content=\"https:\/\/e-dev.services\/de\/app-entwicklung\" \/>\n<meta property=\"og:site_name\" content=\"&lt;e-dev\/&gt;\" \/>\n<meta property=\"article:modified_time\" content=\"2025-03-21T17:50:17+00:00\" \/>\n<meta name=\"twitter:card\" content=\"summary_large_image\" \/>\n<meta name=\"twitter:label1\" content=\"Gesch\u00e4tzte Lesezeit\" \/>\n\t<meta name=\"twitter:data1\" content=\"1\u00a0Minute\" \/>\n<script type=\"application\/ld+json\" class=\"yoast-schema-graph\">{\"@context\":\"https:\/\/schema.org\",\"@graph\":[{\"@type\":\"WebPage\",\"@id\":\"https:\/\/e-dev.services\/de\/app-entwicklung\",\"url\":\"https:\/\/e-dev.services\/de\/app-entwicklung\",\"name\":\"App-Entwicklung - &lt;e-dev\/&gt;\",\"isPartOf\":{\"@id\":\"https:\/\/e-dev.services\/#website\"},\"datePublished\":\"2018-03-09T10:05:26+00:00\",\"dateModified\":\"2025-03-21T17:50:17+00:00\",\"breadcrumb\":{\"@id\":\"https:\/\/e-dev.services\/de\/app-entwicklung#breadcrumb\"},\"inLanguage\":\"de\",\"potentialAction\":[{\"@type\":\"ReadAction\",\"target\":[\"https:\/\/e-dev.services\/de\/app-entwicklung\"]}]},{\"@type\":\"BreadcrumbList\",\"@id\":\"https:\/\/e-dev.services\/de\/app-entwicklung#breadcrumb\",\"itemListElement\":[{\"@type\":\"ListItem\",\"position\":1,\"name\":\"Startseite\",\"item\":\"https:\/\/e-dev.services\/de\"},{\"@type\":\"ListItem\",\"position\":2,\"name\":\"App-Entwicklung\"}]},{\"@type\":\"WebSite\",\"@id\":\"https:\/\/e-dev.services\/#website\",\"url\":\"https:\/\/e-dev.services\/\",\"name\":\"&lt;e-dev\/&gt;\",\"description\":\"Your Xerox App Factory!\",\"potentialAction\":[{\"@type\":\"SearchAction\",\"target\":{\"@type\":\"EntryPoint\",\"urlTemplate\":\"https:\/\/e-dev.services\/?s={search_term_string}\"},\"query-input\":{\"@type\":\"PropertyValueSpecification\",\"valueRequired\":true,\"valueName\":\"search_term_string\"}}],\"inLanguage\":\"de\"}]}<\/script>\n<!-- \/ Yoast SEO plugin. -->","yoast_head_json":{"title":"App-Entwicklung - &lt;e-dev\/&gt;","robots":{"index":"index","follow":"follow","max-snippet":"max-snippet:-1","max-image-preview":"max-image-preview:large","max-video-preview":"max-video-preview:-1"},"canonical":"https:\/\/e-dev.services\/de\/app-entwicklung","og_locale":"de_DE","og_type":"article","og_title":"App-Entwicklung - &lt;e-dev\/&gt;","og_url":"https:\/\/e-dev.services\/de\/app-entwicklung","og_site_name":"&lt;e-dev\/&gt;","article_modified_time":"2025-03-21T17:50:17+00:00","twitter_card":"summary_large_image","twitter_misc":{"Gesch\u00e4tzte Lesezeit":"1\u00a0Minute"},"schema":{"@context":"https:\/\/schema.org","@graph":[{"@type":"WebPage","@id":"https:\/\/e-dev.services\/de\/app-entwicklung","url":"https:\/\/e-dev.services\/de\/app-entwicklung","name":"App-Entwicklung - &lt;e-dev\/&gt;","isPartOf":{"@id":"https:\/\/e-dev.services\/#website"},"datePublished":"2018-03-09T10:05:26+00:00","dateModified":"2025-03-21T17:50:17+00:00","breadcrumb":{"@id":"https:\/\/e-dev.services\/de\/app-entwicklung#breadcrumb"},"inLanguage":"de","potentialAction":[{"@type":"ReadAction","target":["https:\/\/e-dev.services\/de\/app-entwicklung"]}]},{"@type":"BreadcrumbList","@id":"https:\/\/e-dev.services\/de\/app-entwicklung#breadcrumb","itemListElement":[{"@type":"ListItem","position":1,"name":"Startseite","item":"https:\/\/e-dev.services\/de"},{"@type":"ListItem","position":2,"name":"App-Entwicklung"}]},{"@type":"WebSite","@id":"https:\/\/e-dev.services\/#website","url":"https:\/\/e-dev.services\/","name":"&lt;e-dev\/&gt;","description":"Your Xerox App Factory!","potentialAction":[{"@type":"SearchAction","target":{"@type":"EntryPoint","urlTemplate":"https:\/\/e-dev.services\/?s={search_term_string}"},"query-input":{"@type":"PropertyValueSpecification","valueRequired":true,"valueName":"search_term_string"}}],"inLanguage":"de"}]}},"_links":{"self":[{"href":"https:\/\/e-dev.services\/de\/wp-json\/wp\/v2\/pages\/1177","targetHints":{"allow":["GET"]}}],"collection":[{"href":"https:\/\/e-dev.services\/de\/wp-json\/wp\/v2\/pages"}],"about":[{"href":"https:\/\/e-dev.services\/de\/wp-json\/wp\/v2\/types\/page"}],"author":[{"embeddable":true,"href":"https:\/\/e-dev.services\/de\/wp-json\/wp\/v2\/users\/2"}],"replies":[{"embeddable":true,"href":"https:\/\/e-dev.services\/de\/wp-json\/wp\/v2\/comments?post=1177"}],"version-history":[{"count":0,"href":"https:\/\/e-dev.services\/de\/wp-json\/wp\/v2\/pages\/1177\/revisions"}],"wp:attachment":[{"href":"https:\/\/e-dev.services\/de\/wp-json\/wp\/v2\/media?parent=1177"}],"curies":[{"name":"wp","href":"https:\/\/api.w.org\/{rel}","templated":true}]}}