{"id":1158,"date":"2018-03-09T09:12:01","date_gmt":"2018-03-09T09:12:01","guid":{"rendered":"http:\/\/www.e-dev.services\/?page_id=1158"},"modified":"2018-11-14T09:39:37","modified_gmt":"2018-11-14T09:39:37","slug":"e-dev-app-fabrik","status":"publish","type":"page","link":"https:\/\/e-dev.services\/de","title":{"rendered":"e-dev App Fabrik"},"content":{"rendered":"<div class=\"shortcode row\"><div style=\"display: none;\" class=\"crellyslider-slider crellyslider-slider-full-width crellyslider-slider-startseite_deutsch crellyslider-1\" id=\"crellyslider-1\">\n<ul>\n<li\nstyle=\"\nbackground-color: transparent;\nbackground-image: url('https:\/\/e-dev.services\/wp-content\/uploads\/2017\/09\/ass-2.jpg');\nbackground-position: center center;\nbackground-repeat: no-repeat;\nbackground-size: cover;\n\n\"\ndata-in=\"slideLeft\"\ndata-ease-in=\"800\"\ndata-out=\"slideLeft\"\ndata-ease-out=\"800\"\ndata-time=\"8000\"\n>\n<div\nclass=\"\"\nstyle=\"z-index: 1;\n\n\"\ndata-delay=\"0\"\ndata-ease-in=\"300\"\ndata-ease-out=\"300\"\ndata-in=\"fade\"\ndata-out=\"fade\"\ndata-ignore-ease-out=\"0\"\ndata-top=\"290\"\ndata-left=\"253\"\ndata-time=\"all\"\n><span style=\"font-size: 24px; font-family: 'andale mono', monospace; background-color: #000000; color: #ffffff;\">Ihr XEROX Personalized Application Builder \u00a0<\/span><\/div>\n<div\nclass=\"\"\nstyle=\"z-index: 1;\n\n\"\ndata-delay=\"0\"\ndata-ease-in=\"300\"\ndata-ease-out=\"300\"\ndata-in=\"fade\"\ndata-out=\"fade\"\ndata-ignore-ease-out=\"0\"\ndata-top=\"204\"\ndata-left=\"120\"\ndata-time=\"all\"\n><span style=\"font-size: 60px; font-family: 'trebuchet ms', geneva, sans-serif; background-color: #ffffffcc;\"><span style=\"font-family: 'raleway', monospace;\">\u00a0 <span style=\"color: #333333; font-family: 'andale mono', monospace;\">&lt;E-DEV\/&gt; APP FACTORY<\/span><\/span><span style=\"color: #333333; font-family: 'andale mono', monospace;\"> \u00a0<\/span><\/span><\/div>\n<\/li>\n<li\nstyle=\"\nbackground-color: transparent;\nbackground-image: url('https:\/\/e-dev.services\/wp-content\/uploads\/2017\/10\/chess-2493580_1920.jpg');\nbackground-position: center center;\nbackground-repeat: no-repeat;\nbackground-size: cover;\n\n\"\ndata-in=\"slideLeft\"\ndata-ease-in=\"800\"\ndata-out=\"slideLeft\"\ndata-ease-out=\"800\"\ndata-time=\"8000\"\n>\n<div\nclass=\"\"\nstyle=\"z-index: 1;\n\n\"\ndata-delay=\"0\"\ndata-ease-in=\"300\"\ndata-ease-out=\"300\"\ndata-in=\"fade\"\ndata-out=\"fade\"\ndata-ignore-ease-out=\"0\"\ndata-top=\"299\"\ndata-left=\"361\"\ndata-time=\"all\"\n><span style=\"font-family: 'andale mono', monospace; font-size: 24px; color: #ffffff; background-color: #000000;\">\u00a0 Intelligente App L\u00f6sungen \u00a0<\/span><\/div>\n<div\nclass=\"\"\nstyle=\"z-index: 1;\n\n\"\ndata-delay=\"0\"\ndata-ease-in=\"300\"\ndata-ease-out=\"300\"\ndata-in=\"fade\"\ndata-out=\"fade\"\ndata-ignore-ease-out=\"0\"\ndata-top=\"205\"\ndata-left=\"183\"\ndata-time=\"all\"\n><span style=\"font-family: 'trebuchet ms', geneva, sans-serif; font-size: 60px; background-color: #ffffffcc; color: #000000;\"><span style=\"font-family: 'andale mono', monospace;\">\u00a0 \u00a0UNSERE KOMPETENZ <\/span>\u00a0 \u00a0<\/span><\/div>\n<\/li>\n<li\nstyle=\"\nbackground-color: transparent;\nbackground-image: url('https:\/\/e-dev.services\/wp-content\/uploads\/2017\/10\/e-dev-service.jpg');\nbackground-position: center center;\nbackground-repeat: no-repeat;\nbackground-size: cover;\n\n\"\ndata-in=\"slideLeft\"\ndata-ease-in=\"800\"\ndata-out=\"slideLeft\"\ndata-ease-out=\"800\"\ndata-time=\"8000\"\n>\n<div\nclass=\"\"\nstyle=\"z-index: 1;\n\n\"\ndata-delay=\"0\"\ndata-ease-in=\"300\"\ndata-ease-out=\"300\"\ndata-in=\"fade\"\ndata-out=\"fade\"\ndata-ignore-ease-out=\"0\"\ndata-top=\"291\"\ndata-left=\"188\"\ndata-time=\"all\"\n><span style=\"font-family: 'andale mono', monospace; font-size: 24px; color: #ffffff; background-color: #000000;\">\u00a0 \u00a0 App-Development f\u00fcr XEROX Multifunktionsger\u00e4t \u00a0 \u00a0<\/span><\/div>\n<div\nclass=\"\"\nstyle=\"z-index: 1;\n\n\"\ndata-delay=\"0\"\ndata-ease-in=\"300\"\ndata-ease-out=\"300\"\ndata-in=\"fade\"\ndata-out=\"fade\"\ndata-ignore-ease-out=\"0\"\ndata-top=\"1\"\ndata-left=\"13\"\ndata-time=\"all\"\n><\/div>\n<div\nclass=\"\"\nstyle=\"z-index: 1;\n\n\"\ndata-delay=\"0\"\ndata-ease-in=\"300\"\ndata-ease-out=\"300\"\ndata-in=\"fade\"\ndata-out=\"fade\"\ndata-ignore-ease-out=\"0\"\ndata-top=\"205\"\ndata-left=\"282\"\ndata-time=\"all\"\n><span style=\"font-family: 'trebuchet ms', geneva, sans-serif; font-size: 60px; color: #000000; background-color: #ffffffcc;\"><span style=\"font-family: 'andale mono', monospace;\">\u00a0 UNSER SERVICE<\/span> \u00a0<\/span><\/div>\n<\/li>\n<\/ul>\n<\/div>\n<script type=\"text\/javascript\">\n(function($) {\n$(document).ready(function() {\n$(\"#crellyslider-1\").crellySlider({\nlayout: 'full-width',\nresponsive: 1,\nstartWidth: 1140,\nstartHeight: 500,\nautomaticSlide: 1,\nshowControls: 1,\nshowNavigation: 1,\nenableSwipe: 1,\nshowProgressBar: 0,\npauseOnHover: 1,\nrandomOrder: 0,\nstartFromSlide: -1,\nbeforeStart : function() {},\nbeforeSetResponsive : function() {},\nbeforeSlideStart : function() {},\nbeforePause\t: function() {},\nbeforeResume : function() {},\n});\n});\n})(jQuery);\n<\/script>\n<\/div>\n<div class=\"titleborder center\"><div><h1>Vorteile<\/h1><\/div><\/div>\n<div style=\"height: 10px\"><\/div>\n<div class=\"row text-center service-box\">\n<div class=\"c3\"><div class=\"icon-box-top  \"><a href=\"https:\/\/e-dev.services\/de\/app-entwicklung\"><i class=\"fontawesome-icon medium circle-white center fa fa-cogs\"><\/i><\/a><h1>100% App Outsourcing<\/h1>\n<p>Lassen Sie die Profis ran! Als zertifizierter Xerox App Developer setzten wir Ihre Ideen oder die Ihrer Kunden um.<br \/>\n<p><\/p><\/div><\/div>\n<div class=\"c3\"><div class=\"icon-box-top  \"><a href=\"\"><i class=\"fontawesome-icon medium circle-white center fa fa-pencil\"><\/i><\/a><h1>100%  Service<\/h1>\nGemeinsam setzen wir Ihr App-Projekt um. Steigen Sie ein in das App-Gesch\u00e4ft mit einer RENT-A-DEV Service L\u00f6sungen.<br \/>\n<p><\/p><\/div><\/div>\n<div class=\"c3\"><div class=\"icon-box-top  \"><a href=\"#\"><i class=\"fontawesome-icon medium circle-white center fa fa-magic\"><\/i><\/a><h1>100% Skalierbar<\/h1>\n<p>Wir bieten Ihnen die beste L\u00f6sung f\u00fcr Ihre Apps. Ma\u00dfgeschneidert und individuell.<br \/>\n<p><\/p><\/div><\/div>\n<div class=\"c3\"><div class=\"icon-box-top  \"><a href=\"#\"><i class=\"fontawesome-icon medium circle-white center fa fa-trophy\"><\/i><\/a><h1>100% Mehrwert bieten<\/h1>\nReagieren Sie geschickt auf die Probleme Ihrer Kunden mit der Entwicklung benutzerdefinierter Apps.<br \/>\n<p><\/p><\/div><\/div>\n<\/div>\n<div class=\"titleborder center\"><div><h1>Ihre App. Ihr Erfolg.<\/h1><\/div><\/div>\n<div class=\"shortcode row\">\n<div class=\"c5\">\n<img decoding=\"async\" src=\"https:\/\/e-dev.services\/wp-content\/uploads\/2017\/10\/Xerox-PAB-authorized-developer-logo.png\" alt=\"calypso\" \/><br \/>\n<\/div>\n<div class=\"c7\">\n<div class=\"tabbable tabs-\"><ul class=\"nav nav-tabs\" id=\"custom-tabs-17\"><li class=\"active\"><a href=\"#custom-tab-0-wer-ist-e-dev\"  data-toggle=\"tab\">Wer ist e-dev?<\/a><\/li><li><a href=\"#custom-tab-0-unser-service\"  data-toggle=\"tab\">Unser Service<\/a><\/li><li><a href=\"#custom-tab-0-referenzen\"  data-toggle=\"tab\">Referenzen<\/a><\/li><\/ul><div class=\"tab-content\">\n<div id=\"custom-tab-0-wer-ist-e-dev\" class=\"tab-pane active\">\n<p>e-dev ist ein Projekt der e-dox AG mit Sitz in Leipzig. Mit e-dev bieten wir allen Xerox-Vertriebspartnern die einzigartige M\u00f6glichkeit, in das App-Gesch\u00e4ft einzusteigen. Ganz einfach und unkompliziert und vor allem schnell.<\/p>\n<p>Wir sind der einzige Xerox Certified PAB (Personalized Application Builder) Partner in Deutschland und einer von 7 weltweit!<\/p>\n<p>Haben Sie Fragen zu unserem Service?<br \/>\n<a href=\"https:\/\/e-dev.services\/de\/app-entwicklung\"   class=\"sbutton square noshadow small mainthemebgcolor\"><i class=\"fa fa-envelope\"><\/i> Anfrage<\/a>\n<\/div>\n<div id=\"custom-tab-0-unser-service\" class=\"tab-pane \">\u00a0Wir bieten App-Entwicklung und Sie haben die Wahl. Sie k\u00f6nnen w\u00e4hlen: Engagieren Sie uns f\u00fcr ein einmaliges konkretes Projekt oder nutzen sie eines unserer &#8222;Rent-A-Dev&#8220; &#8211; Pakete. Mit uns machen Sie einen unvergleichlichen Start in das App-Gesch\u00e4ft. Vielleicht dein Ass beim n\u00e4chsten Kundentermin?<\/p>\n<\/div>\n<div id=\"custom-tab-0-referenzen\" class=\"tab-pane \">\nE-Dev hat bereits eigene App-Ideen realisiert, die Probleme in verschiedenen Branchen l\u00f6sen. Ein weiterer Vorteil: Jede unserer Apps kann an Ihre Kunden angepasst werden.<\/p>\n<\/div>\n<\/div><\/div>\n<\/div>\n<\/div>\n<div style=\"height: 20px\"><\/div>\n<div class=\"shortcode row\">\n<div class=\"titleborder center\"><div><h1>Service Pakete: RENT-A-DEV<\/h1><\/div><\/div>\n<\/div>\n<div class=\"shortcode row\">\n<div class=\"wow-pricing-table c3\">\n<div class=\"wow-pricing  wow-column-\"><div class=\"wow-pricing-header\"><h5>RENT-A-DEV Starter<\/h5><div class=\"wow-pricing-cost\">250 \u20ac<\/div><div class=\"wow-pricing-per\">pro Monat<\/div><\/div><div class=\"wow-pricing-content\">\n<ul>\n<li>min. 1 App-Entwicklung im Jahr<\/li>\n<li>inkl. Email Support<\/li>\n<li>freier Entwickler<\/li>\n<li>Vertragslaufzeit: 12 Monate<\/li>\n<\/ul>\n<\/div><div class=\"wow-pricing-button\"><a href=\"https:\/\/e-dev.services\/de\/shopping\/rent-a-dev-starter\/\" class=\"wow-button buttonprice\" target=\"_self\" rel=\"nofollow\"><span class=\"wow-button-inner\">Mehr...<\/span><\/a><\/div><\/div>\n<\/div>\n<div class=\"wow-pricing-table c3\">\n<div class=\"wow-pricing  wow-column-\"><div class=\"wow-pricing-header\"><h5>RENT-A-DEV S<\/h5><div class=\"wow-pricing-cost\">500 \u20ac<\/div><div class=\"wow-pricing-per\">pro Monat<\/div><\/div><div class=\"wow-pricing-content\">\n<ul>\n<li>ca. 2 App-Entwicklungen im Jahr<\/li>\n<li>inkl. Email Support<\/li>\n<li>freier Entwickler<\/li>\n<li>Vertragslaufzeit: 12 Monate<\/li>\n<\/ul>\n<\/div><div class=\"wow-pricing-button\"><a href=\"https:\/\/e-dev.services\/de\/shopping\/rent-a-dev-s\" class=\"wow-button buttonprice\" target=\"_self\" rel=\"nofollow\"><span class=\"wow-button-inner\">Mehr...<\/span><\/a><\/div><\/div>\n<\/div>\n<div class=\"wow-pricing-table c3\">\n<div class=\"wow-pricing featured wow-column-\"><div class=\"wow-pricing-header\"><h5>RENT-A-DEV M<\/h5><div class=\"wow-pricing-cost\">900 \u20ac<\/div><div class=\"wow-pricing-per\">pro Monat<\/div><\/div><div class=\"wow-pricing-content\">\n<ul>\n<li>ca. 4 App-Entwicklungen im Jahr<\/li>\n<li>inkl. Email &amp; Telefon Support<\/li>\n<li>freier Entwickler<\/li>\n<li>Vertragslaufzeit: 12 Monate<\/li>\n<\/ul>\n<\/div><div class=\"wow-pricing-button\"><a href=\"https:\/\/e-dev.services\/de\/shopping\/rent-a-dev-m\" class=\"wow-button buttonprice\" target=\"_self\" rel=\"nofollow\"><span class=\"wow-button-inner\">Mehr...<\/span><\/a><\/div><\/div>\n<\/div>\n<div class=\"wow-pricing-table c3\">\n<div class=\"wow-pricing  wow-column-\"><div class=\"wow-pricing-header\"><h5>RENT-A-DEV L<\/h5><div class=\"wow-pricing-cost\">1.600 \u20ac<\/div><div class=\"wow-pricing-per\">pro Monat<\/div><\/div><div class=\"wow-pricing-content\">\n<ul>\n<li>ca. 8 App-Entwicklung im Jahr<\/li>\n<li>inkl. Email &amp; Telefon Support<\/li>\n<li>fester Entwickler<\/li>\n<li>Vertragslaufzeit: 12 Monate<\/li>\n<\/ul>\n<\/div><div class=\"wow-pricing-button\"><a href=\"https:\/\/e-dev.services\/de\/shopping\/rent-a-dev-l\" class=\"wow-button buttonprice\" target=\"_self\" rel=\"nofollow\"><span class=\"wow-button-inner\">Mehr...<\/span><\/a><\/div><\/div>\n<\/div>\n<\/div>\n<div class=\"titleborder center\"><div><h1>Paket-Vorteile im \u00dcberblick<\/h1><\/div><\/div>\n<div class=\"shortcode row\">\n<div class=\"c3\">\n<p style=\"text-align: left;\"><div class=\"unstyle\"><ul class=\"circlepluslist\">\n<ul style=\"text-align: left;\">\n<li>kein eigener Entwickler notwendig<\/li>\n<li>Hochqualifizierte Mitarbeiter von Anfang an<\/li>\n<\/ul>\n<\/ul><\/div>\n<\/div>\n<div class=\"c3\">\n<p style=\"text-align: left;\"><div class=\"unstyle\"><ul class=\"circlepluslist\">\n<ul style=\"text-align: left;\">\n<li>Keine beachtliche Einmalzahlung f\u00fcr nur eine App<\/li>\n<li>App f\u00fcr Demo-Zwecke in ihrem B\u00fcro<\/li>\n<\/ul>\n<\/ul><\/div>\n<\/div>\n<div class=\"c3\">\n<p style=\"text-align: left;\"><div class=\"unstyle\"><ul class=\"circlepluslist\">\n<ul style=\"text-align: left;\">\n<li>Variable Anzahl an App-Entwicklungen inklusive<\/li>\n<li>Auslieferung \u00fcber das App Studio<\/li>\n<\/ul>\n<\/ul><\/div>\n<\/div>\n<div class=\"c3\">\n<p style=\"text-align: left;\"><div class=\"unstyle\"><ul class=\"circlepluslist\">\n<ul style=\"text-align: left;\">\n<li>Vollen Support<\/li>\n<li>freundliche Support-Mitarbeiter<\/li>\n<\/ul>\n<\/ul><\/div>\n<\/div>\n<\/div>\n","protected":false},"excerpt":{"rendered":"","protected":false},"author":2,"featured_media":0,"parent":0,"menu_order":0,"comment_status":"open","ping_status":"open","template":"","meta":{"footnotes":""},"class_list":["post-1158","page","type-page","status-publish","hentry"],"yoast_head":"<!-- This site is optimized with the Yoast SEO plugin v26.4 - https:\/\/yoast.com\/wordpress\/plugins\/seo\/ -->\n<title>RENT-A-DEV Services: Miet` Dir einen Xerox App Entwickler<\/title>\n<meta name=\"description\" content=\"Mit RENT-A-DEV k\u00f6nnen Sie ihre Xerox App Ideen Wirklichkeit werden lassen. Generieren Sie Mehrwert f\u00fcr Ihre Kunden mit einer individuellen App Entwicklung.\" \/>\n<meta name=\"robots\" content=\"index, follow, max-snippet:-1, max-image-preview:large, max-video-preview:-1\" \/>\n<link rel=\"canonical\" href=\"https:\/\/e-dev.services\/de\" \/>\n<meta property=\"og:locale\" content=\"de_DE\" \/>\n<meta property=\"og:type\" content=\"article\" \/>\n<meta property=\"og:title\" content=\"RENT-A-DEV Services: Miet` Dir einen Xerox App Entwickler\" \/>\n<meta property=\"og:description\" content=\"Mit RENT-A-DEV k\u00f6nnen Sie ihre Xerox App Ideen Wirklichkeit werden lassen. Generieren Sie Mehrwert f\u00fcr Ihre Kunden mit einer individuellen App Entwicklung.\" \/>\n<meta property=\"og:url\" content=\"https:\/\/e-dev.services\/de\" \/>\n<meta property=\"og:site_name\" content=\"&lt;e-dev\/&gt;\" \/>\n<meta property=\"article:modified_time\" content=\"2018-11-14T09:39:37+00:00\" \/>\n<meta property=\"og:image\" content=\"https:\/\/e-dev.services\/wp-content\/uploads\/2017\/10\/Xerox-PAB-authorized-developer-logo.png\" \/>\n<meta name=\"twitter:card\" content=\"summary_large_image\" \/>\n<meta name=\"twitter:label1\" content=\"Gesch\u00e4tzte Lesezeit\" \/>\n\t<meta name=\"twitter:data1\" content=\"3\u00a0Minuten\" \/>\n<script type=\"application\/ld+json\" class=\"yoast-schema-graph\">{\"@context\":\"https:\/\/schema.org\",\"@graph\":[{\"@type\":\"WebPage\",\"@id\":\"https:\/\/e-dev.services\/de\",\"url\":\"https:\/\/e-dev.services\/de\",\"name\":\"RENT-A-DEV Services: Miet` Dir einen Xerox App Entwickler\",\"isPartOf\":{\"@id\":\"https:\/\/e-dev.services\/#website\"},\"primaryImageOfPage\":{\"@id\":\"https:\/\/e-dev.services\/de#primaryimage\"},\"image\":{\"@id\":\"https:\/\/e-dev.services\/de#primaryimage\"},\"thumbnailUrl\":\"https:\/\/e-dev.services\/wp-content\/uploads\/2017\/10\/Xerox-PAB-authorized-developer-logo.png\",\"datePublished\":\"2018-03-09T09:12:01+00:00\",\"dateModified\":\"2018-11-14T09:39:37+00:00\",\"description\":\"Mit RENT-A-DEV k\u00f6nnen Sie ihre Xerox App Ideen Wirklichkeit werden lassen. Generieren Sie Mehrwert f\u00fcr Ihre Kunden mit einer individuellen App Entwicklung.\",\"breadcrumb\":{\"@id\":\"https:\/\/e-dev.services\/de#breadcrumb\"},\"inLanguage\":\"de\",\"potentialAction\":[{\"@type\":\"ReadAction\",\"target\":[\"https:\/\/e-dev.services\/de\"]}]},{\"@type\":\"ImageObject\",\"inLanguage\":\"de\",\"@id\":\"https:\/\/e-dev.services\/de#primaryimage\",\"url\":\"https:\/\/e-dev.services\/wp-content\/uploads\/2017\/10\/Xerox-PAB-authorized-developer-logo.png\",\"contentUrl\":\"https:\/\/e-dev.services\/wp-content\/uploads\/2017\/10\/Xerox-PAB-authorized-developer-logo.png\"},{\"@type\":\"BreadcrumbList\",\"@id\":\"https:\/\/e-dev.services\/de#breadcrumb\",\"itemListElement\":[{\"@type\":\"ListItem\",\"position\":1,\"name\":\"Startseite\",\"item\":\"https:\/\/e-dev.services\/de\"},{\"@type\":\"ListItem\",\"position\":2,\"name\":\"e-dev App Fabrik\"}]},{\"@type\":\"WebSite\",\"@id\":\"https:\/\/e-dev.services\/#website\",\"url\":\"https:\/\/e-dev.services\/\",\"name\":\"&lt;e-dev\/&gt;\",\"description\":\"Your Xerox App Factory!\",\"potentialAction\":[{\"@type\":\"SearchAction\",\"target\":{\"@type\":\"EntryPoint\",\"urlTemplate\":\"https:\/\/e-dev.services\/?s={search_term_string}\"},\"query-input\":{\"@type\":\"PropertyValueSpecification\",\"valueRequired\":true,\"valueName\":\"search_term_string\"}}],\"inLanguage\":\"de\"}]}<\/script>\n<!-- \/ Yoast SEO plugin. -->","yoast_head_json":{"title":"RENT-A-DEV Services: Miet` Dir einen Xerox App Entwickler","description":"Mit RENT-A-DEV k\u00f6nnen Sie ihre Xerox App Ideen Wirklichkeit werden lassen. Generieren Sie Mehrwert f\u00fcr Ihre Kunden mit einer individuellen App Entwicklung.","robots":{"index":"index","follow":"follow","max-snippet":"max-snippet:-1","max-image-preview":"max-image-preview:large","max-video-preview":"max-video-preview:-1"},"canonical":"https:\/\/e-dev.services\/de","og_locale":"de_DE","og_type":"article","og_title":"RENT-A-DEV Services: Miet` Dir einen Xerox App Entwickler","og_description":"Mit RENT-A-DEV k\u00f6nnen Sie ihre Xerox App Ideen Wirklichkeit werden lassen. Generieren Sie Mehrwert f\u00fcr Ihre Kunden mit einer individuellen App Entwicklung.","og_url":"https:\/\/e-dev.services\/de","og_site_name":"&lt;e-dev\/&gt;","article_modified_time":"2018-11-14T09:39:37+00:00","og_image":[{"url":"https:\/\/e-dev.services\/wp-content\/uploads\/2017\/10\/Xerox-PAB-authorized-developer-logo.png","type":"","width":"","height":""}],"twitter_card":"summary_large_image","twitter_misc":{"Gesch\u00e4tzte Lesezeit":"3\u00a0Minuten"},"schema":{"@context":"https:\/\/schema.org","@graph":[{"@type":"WebPage","@id":"https:\/\/e-dev.services\/de","url":"https:\/\/e-dev.services\/de","name":"RENT-A-DEV Services: Miet` Dir einen Xerox App Entwickler","isPartOf":{"@id":"https:\/\/e-dev.services\/#website"},"primaryImageOfPage":{"@id":"https:\/\/e-dev.services\/de#primaryimage"},"image":{"@id":"https:\/\/e-dev.services\/de#primaryimage"},"thumbnailUrl":"https:\/\/e-dev.services\/wp-content\/uploads\/2017\/10\/Xerox-PAB-authorized-developer-logo.png","datePublished":"2018-03-09T09:12:01+00:00","dateModified":"2018-11-14T09:39:37+00:00","description":"Mit RENT-A-DEV k\u00f6nnen Sie ihre Xerox App Ideen Wirklichkeit werden lassen. Generieren Sie Mehrwert f\u00fcr Ihre Kunden mit einer individuellen App Entwicklung.","breadcrumb":{"@id":"https:\/\/e-dev.services\/de#breadcrumb"},"inLanguage":"de","potentialAction":[{"@type":"ReadAction","target":["https:\/\/e-dev.services\/de"]}]},{"@type":"ImageObject","inLanguage":"de","@id":"https:\/\/e-dev.services\/de#primaryimage","url":"https:\/\/e-dev.services\/wp-content\/uploads\/2017\/10\/Xerox-PAB-authorized-developer-logo.png","contentUrl":"https:\/\/e-dev.services\/wp-content\/uploads\/2017\/10\/Xerox-PAB-authorized-developer-logo.png"},{"@type":"BreadcrumbList","@id":"https:\/\/e-dev.services\/de#breadcrumb","itemListElement":[{"@type":"ListItem","position":1,"name":"Startseite","item":"https:\/\/e-dev.services\/de"},{"@type":"ListItem","position":2,"name":"e-dev App Fabrik"}]},{"@type":"WebSite","@id":"https:\/\/e-dev.services\/#website","url":"https:\/\/e-dev.services\/","name":"&lt;e-dev\/&gt;","description":"Your Xerox App Factory!","potentialAction":[{"@type":"SearchAction","target":{"@type":"EntryPoint","urlTemplate":"https:\/\/e-dev.services\/?s={search_term_string}"},"query-input":{"@type":"PropertyValueSpecification","valueRequired":true,"valueName":"search_term_string"}}],"inLanguage":"de"}]}},"_links":{"self":[{"href":"https:\/\/e-dev.services\/de\/wp-json\/wp\/v2\/pages\/1158","targetHints":{"allow":["GET"]}}],"collection":[{"href":"https:\/\/e-dev.services\/de\/wp-json\/wp\/v2\/pages"}],"about":[{"href":"https:\/\/e-dev.services\/de\/wp-json\/wp\/v2\/types\/page"}],"author":[{"embeddable":true,"href":"https:\/\/e-dev.services\/de\/wp-json\/wp\/v2\/users\/2"}],"replies":[{"embeddable":true,"href":"https:\/\/e-dev.services\/de\/wp-json\/wp\/v2\/comments?post=1158"}],"version-history":[{"count":0,"href":"https:\/\/e-dev.services\/de\/wp-json\/wp\/v2\/pages\/1158\/revisions"}],"wp:attachment":[{"href":"https:\/\/e-dev.services\/de\/wp-json\/wp\/v2\/media?parent=1158"}],"curies":[{"name":"wp","href":"https:\/\/api.w.org\/{rel}","templated":true}]}}